{"id":11994,"date":"2025-03-12T10:16:01","date_gmt":"2025-03-12T09:16:01","guid":{"rendered":"http:\/\/93.127.158.16\/?page_id=11994"},"modified":"2026-04-14T15:18:11","modified_gmt":"2026-04-14T13:18:11","slug":"etudiants-ambassadeurs","status":"publish","type":"page","link":"https:\/\/esa-namur.be\/index.php\/etudiants-ambassadeurs\/","title":{"rendered":"\u00c9tudiants Ambassadeurs"},"content":{"rendered":"\t\t<div data-elementor-type=\"wp-page\" data-elementor-id=\"11994\" class=\"elementor elementor-11994\" data-elementor-post-type=\"page\">\n\t\t\t\t<div class=\"elementor-element elementor-element-7714d598 e-con-full e-flex e-con e-parent\" data-id=\"7714d598\" data-element_type=\"container\" data-e-type=\"container\">\n\t\t\t\t<div class=\"elementor-element elementor-element-2694369b thim-ekits-heading-text-center elementor-widget thim-ekits-heading elementor-widget-thim-heading\" data-id=\"2694369b\" data-element_type=\"widget\" data-e-type=\"widget\" data-widget_type=\"thim-heading.default\">\n\t\t\t\t<div class=\"elementor-widget-container\">\n\t\t\t\t\t<div class=\"sc_heading text-center\"><h2 class=\"title\">Les \u00e9tudiants  <span class=\"thim-color\">ambassadeurs<\/span><\/h2><div class=\"sub-heading\"><p>Depuis 2023, l\u2019ESA soutient le projet des \u00e9tudiants ambassadeurs : des \u00e9tudiants motiv\u00e9s et talentueux qui s\u2019engagent \u00e0 repr\u00e9senter l\u2019ESA et \u00e0 dynamiser la vie \u00e9tudiante.<\/p>\n<\/div><\/div>\t\t\t\t<\/div>\n\t\t\t\t<\/div>\n\t\t\t\t<\/div>\n\t\t<div class=\"elementor-element elementor-element-d04e9d6 e-con-full e-flex e-con e-parent\" data-id=\"d04e9d6\" data-element_type=\"container\" data-e-type=\"container\" data-settings=\"{&quot;background_background&quot;:&quot;classic&quot;}\">\n\t\t<div class=\"elementor-element elementor-element-48e3477d e-flex e-con-boxed e-con e-child\" data-id=\"48e3477d\" data-element_type=\"container\" data-e-type=\"container\">\n\t\t\t\t\t<div class=\"e-con-inner\">\n\t\t\t\t<div class=\"elementor-element elementor-element-1426787 elementor-widget-divider--view-line_text elementor-widget-divider--element-align-center elementor-widget elementor-widget-divider\" data-id=\"1426787\" data-element_type=\"widget\" data-e-type=\"widget\" data-widget_type=\"divider.default\">\n\t\t\t\t<div class=\"elementor-widget-container\">\n\t\t\t\t\t\t\t<div class=\"elementor-divider\">\n\t\t\t<span class=\"elementor-divider-separator\">\n\t\t\t\t\t\t\t<h2 class=\"elementor-divider__text elementor-divider__element\">\n\t\t\t\tLes objectifs du programme\t\t\t\t<\/h2>\n\t\t\t\t\t\t<\/span>\n\t\t<\/div>\n\t\t\t\t\t\t<\/div>\n\t\t\t\t<\/div>\n\t\t\t\t<div class=\"elementor-element elementor-element-d5f1b48 elementor-widget elementor-widget-text-editor\" data-id=\"d5f1b48\" data-element_type=\"widget\" data-e-type=\"widget\" data-widget_type=\"text-editor.default\">\n\t\t\t\t<div class=\"elementor-widget-container\">\n\t\t\t\t\t\t\t\t\t<p>Faire de la vie \u00e9tudiante \u00e0 l\u2019ESA un moment convivial, une exp\u00e9rience qui cr\u00e9e des amiti\u00e9s et des opportunit\u00e9s professionnelles durables.<br \/>Les ambassadeurs prennent les r\u00eanes pour cr\u00e9er une atmosph\u00e8re conviviale, dynamique et pleine d\u2019opportunit\u00e9s.<\/p><p><strong>Ils organisent, f\u00e9d\u00e8rent et repr\u00e9sentent l\u2019ESA !<\/strong><!-- notionvc: 85e8adc3-980e-4689-8fb0-e6ec0b111627 --><\/p>\t\t\t\t\t\t\t\t<\/div>\n\t\t\t\t<\/div>\n\t\t<div class=\"elementor-element elementor-element-fb5769b e-con-full e-grid e-con e-child\" data-id=\"fb5769b\" data-element_type=\"container\" data-e-type=\"container\">\n\t\t\t\t<div class=\"elementor-element elementor-element-5b5daff4 elementor-widget-tablet__width-initial elementor-widget-mobile__width-inherit elementor-widget__width-inherit elementor-view-default elementor-position-block-start elementor-mobile-position-block-start elementor-invisible elementor-widget elementor-widget-icon-box\" data-id=\"5b5daff4\" data-element_type=\"widget\" data-e-type=\"widget\" data-settings=\"{&quot;_animation&quot;:&quot;fadeInUp&quot;,&quot;_animation_delay&quot;:&quot;100&quot;}\" data-widget_type=\"icon-box.default\">\n\t\t\t\t<div class=\"elementor-widget-container\">\n\t\t\t\t\t\t\t<div class=\"elementor-icon-box-wrapper\">\n\n\t\t\t\t\t\t<div class=\"elementor-icon-box-icon\">\n\t\t\t\t<span  class=\"elementor-icon\">\n\t\t\t\t<i aria-hidden=\"true\" class=\"tk tk-wired-network\"><\/i>\t\t\t\t<\/span>\n\t\t\t<\/div>\n\t\t\t\n\t\t\t\t\t\t<div class=\"elementor-icon-box-content\">\n\n\t\t\t\t\t\t\t\t\t<h3 class=\"elementor-icon-box-title\">\n\t\t\t\t\t\t<span  >\n\t\t\t\t\t\t\tNetworking\t\t\t\t\t\t<\/span>\n\t\t\t\t\t<\/h3>\n\t\t\t\t\n\t\t\t\t\t\t\t\t\t<p class=\"elementor-icon-box-description\">\n\t\t\t\t\t\tIls mettent en place des rencontres pour aider leurs camarades \u00e0 d\u00e9velopper leur r\u00e9seau et \u00e0 \u00e9changer avec les alumni.\t\t\t\t\t<\/p>\n\t\t\t\t\n\t\t\t<\/div>\n\t\t\t\n\t\t<\/div>\n\t\t\t\t\t\t<\/div>\n\t\t\t\t<\/div>\n\t\t\t\t<div class=\"elementor-element elementor-element-f0aea78 elementor-widget-tablet__width-initial elementor-widget-mobile__width-inherit elementor-widget__width-inherit elementor-view-default elementor-position-block-start elementor-mobile-position-block-start elementor-invisible elementor-widget elementor-widget-icon-box\" data-id=\"f0aea78\" data-element_type=\"widget\" data-e-type=\"widget\" data-settings=\"{&quot;_animation&quot;:&quot;fadeInUp&quot;,&quot;_animation_delay&quot;:&quot;100&quot;}\" data-widget_type=\"icon-box.default\">\n\t\t\t\t<div class=\"elementor-widget-container\">\n\t\t\t\t\t\t\t<div class=\"elementor-icon-box-wrapper\">\n\n\t\t\t\t\t\t<div class=\"elementor-icon-box-icon\">\n\t\t\t\t<span  class=\"elementor-icon\">\n\t\t\t\t<i aria-hidden=\"true\" class=\"tk tk-students-friend\"><\/i>\t\t\t\t<\/span>\n\t\t\t<\/div>\n\t\t\t\n\t\t\t\t\t\t<div class=\"elementor-icon-box-content\">\n\n\t\t\t\t\t\t\t\t\t<h3 class=\"elementor-icon-box-title\">\n\t\t\t\t\t\t<span  >\n\t\t\t\t\t\t\tVie \u00e9tudiante \t\t\t\t\t\t<\/span>\n\t\t\t\t\t<\/h3>\n\t\t\t\t\n\t\t\t\t\t\t\t\t\t<p class=\"elementor-icon-box-description\">\n\t\t\t\t\t\tIls imaginent et organisent des \u00e9v\u00e9nements pour renforcer la coh\u00e9sion et cr\u00e9er des souvenirs m\u00e9morables.\t\t\t\t\t<\/p>\n\t\t\t\t\n\t\t\t<\/div>\n\t\t\t\n\t\t<\/div>\n\t\t\t\t\t\t<\/div>\n\t\t\t\t<\/div>\n\t\t\t\t<div class=\"elementor-element elementor-element-5f9edb4 elementor-widget-tablet__width-initial elementor-widget-mobile__width-inherit elementor-widget__width-inherit elementor-view-default elementor-position-block-start elementor-mobile-position-block-start elementor-invisible elementor-widget elementor-widget-icon-box\" data-id=\"5f9edb4\" data-element_type=\"widget\" data-e-type=\"widget\" data-settings=\"{&quot;_animation&quot;:&quot;fadeInUp&quot;,&quot;_animation_delay&quot;:&quot;100&quot;}\" data-widget_type=\"icon-box.default\">\n\t\t\t\t<div class=\"elementor-widget-container\">\n\t\t\t\t\t\t\t<div class=\"elementor-icon-box-wrapper\">\n\n\t\t\t\t\t\t<div class=\"elementor-icon-box-icon\">\n\t\t\t\t<span  class=\"elementor-icon\">\n\t\t\t\t<i aria-hidden=\"true\" class=\"tk tk-phone1\"><\/i>\t\t\t\t<\/span>\n\t\t\t<\/div>\n\t\t\t\n\t\t\t\t\t\t<div class=\"elementor-icon-box-content\">\n\n\t\t\t\t\t\t\t\t\t<h3 class=\"elementor-icon-box-title\">\n\t\t\t\t\t\t<span  >\n\t\t\t\t\t\t\tCommunity Management\t\t\t\t\t\t<\/span>\n\t\t\t\t\t<\/h3>\n\t\t\t\t\n\t\t\t\t\t\t\t\t\t<p class=\"elementor-icon-box-description\">\n\t\t\t\t\t\tIls animent des r\u00e9seaux sociaux sympa comme tiktok pour faire rayonner la communaut\u00e9 \u00e9tudiante.\t\t\t\t\t<\/p>\n\t\t\t\t\n\t\t\t<\/div>\n\t\t\t\n\t\t<\/div>\n\t\t\t\t\t\t<\/div>\n\t\t\t\t<\/div>\n\t\t\t\t<\/div>\n\t\t\t\t\t<\/div>\n\t\t\t\t<\/div>\n\t\t\t\t<\/div>\n\t\t<div class=\"elementor-element elementor-element-3230a6b e-flex e-con-boxed e-con e-parent\" data-id=\"3230a6b\" data-element_type=\"container\" data-e-type=\"container\">\n\t\t\t\t\t<div class=\"e-con-inner\">\n\t\t\t\t<div class=\"elementor-element elementor-element-e464992 elementor-widget elementor-widget-spacer\" data-id=\"e464992\" data-element_type=\"widget\" data-e-type=\"widget\" data-widget_type=\"spacer.default\">\n\t\t\t\t<div class=\"elementor-widget-container\">\n\t\t\t\t\t\t\t<div class=\"elementor-spacer\">\n\t\t\t<div class=\"elementor-spacer-inner\"><\/div>\n\t\t<\/div>\n\t\t\t\t\t\t<\/div>\n\t\t\t\t<\/div>\n\t\t\t\t\t<\/div>\n\t\t\t\t<\/div>\n\t\t<div class=\"elementor-element elementor-element-08a996c e-con-full e-flex e-con e-parent\" data-id=\"08a996c\" data-element_type=\"container\" data-e-type=\"container\">\n\t\t<div class=\"elementor-element elementor-element-095712a e-con-full e-flex e-con e-child\" data-id=\"095712a\" data-element_type=\"container\" data-e-type=\"container\" data-settings=\"{&quot;background_background&quot;:&quot;classic&quot;}\">\n\t\t<div class=\"elementor-element elementor-element-91abcde e-con-full e-flex e-con e-child\" data-id=\"91abcde\" data-element_type=\"container\" data-e-type=\"container\">\n\t\t\t\t<div class=\"elementor-element elementor-element-52edb44 elementor-widget elementor-widget-heading\" data-id=\"52edb44\" data-element_type=\"widget\" data-e-type=\"widget\" data-widget_type=\"heading.default\">\n\t\t\t\t<div class=\"elementor-widget-container\">\n\t\t\t\t\t<h2 class=\"elementor-heading-title elementor-size-default\">Les Ambassadeurs, visages de l\u2019ESA<\/h2>\t\t\t\t<\/div>\n\t\t\t\t<\/div>\n\t\t\t\t<div class=\"elementor-element elementor-element-f514601 elementor-widget elementor-widget-text-editor\" data-id=\"f514601\" data-element_type=\"widget\" data-e-type=\"widget\" data-widget_type=\"text-editor.default\">\n\t\t\t\t<div class=\"elementor-widget-container\">\n\t\t\t\t\t\t\t\t\t<p>Les Ambassadeurs de l\u2019ESA ne se contentent pas d\u2019animer la vie sur le campus, ils sont aussi les visages de l\u2019\u00e9cole \u00e0 l\u2019ext\u00e9rieur !<\/p><p>En collaboration \u00e9troite avec la charg\u00e9e de communication, ces \u00e9tudiants acqui\u00e8rent une exp\u00e9rience professionnelle unique en repr\u00e9sentant l\u2019ESA au-del\u00e0 de ses murs.<\/p><p>V\u00e9ritables interlocuteurs privil\u00e9gi\u00e9s, ils sont les porte-paroles de notre \u00e9tablissement.<\/p><p><!-- notionvc: a9be1f62-5561-4702-bdfd-c7f3012242bf --><\/p>\t\t\t\t\t\t\t\t<\/div>\n\t\t\t\t<\/div>\n\t\t\t\t<\/div>\n\t\t<div class=\"elementor-element elementor-element-cbbda1c e-con-full e-flex e-con e-child\" data-id=\"cbbda1c\" data-element_type=\"container\" data-e-type=\"container\">\n\t\t\t\t<div class=\"elementor-element elementor-element-d7daef6 elementor-widget elementor-widget-image\" data-id=\"d7daef6\" data-element_type=\"widget\" data-e-type=\"widget\" data-widget_type=\"image.default\">\n\t\t\t\t<div class=\"elementor-widget-container\">\n\t\t\t\t\t\t\t\t\t\t\t\t\t\t\t<img fetchpriority=\"high\" decoding=\"async\" width=\"640\" height=\"427\" src=\"https:\/\/esa-namur.be\/wp-content\/uploads\/2026\/04\/P1030106-1024x683.jpg\" class=\"attachment-large size-large wp-image-16352\" alt=\"\" srcset=\"https:\/\/esa-namur.be\/wp-content\/uploads\/2026\/04\/P1030106-1024x683.jpg 1024w, https:\/\/esa-namur.be\/wp-content\/uploads\/2026\/04\/P1030106-300x200.jpg 300w, https:\/\/esa-namur.be\/wp-content\/uploads\/2026\/04\/P1030106-768x512.jpg 768w, https:\/\/esa-namur.be\/wp-content\/uploads\/2026\/04\/P1030106-1536x1024.jpg 1536w, https:\/\/esa-namur.be\/wp-content\/uploads\/2026\/04\/P1030106-2048x1365.jpg 2048w, https:\/\/esa-namur.be\/wp-content\/uploads\/2026\/04\/P1030106-600x400.jpg 600w\" sizes=\"(max-width: 640px) 100vw, 640px\" \/>\t\t\t\t\t\t\t\t\t\t\t\t\t\t\t<\/div>\n\t\t\t\t<\/div>\n\t\t\t\t<\/div>\n\t\t\t\t<\/div>\n\t\t\t\t<\/div>\n\t\t<div class=\"elementor-element elementor-element-245471e e-flex e-con-boxed e-con e-parent\" data-id=\"245471e\" data-element_type=\"container\" data-e-type=\"container\">\n\t\t\t\t\t<div class=\"e-con-inner\">\n\t\t<div class=\"elementor-element elementor-element-70107d7 e-con-full e-flex e-con e-child\" data-id=\"70107d7\" data-element_type=\"container\" data-e-type=\"container\" data-settings=\"{&quot;background_background&quot;:&quot;classic&quot;}\">\n\t\t<div class=\"elementor-element elementor-element-9edc743 e-con-full e-flex e-con e-child\" data-id=\"9edc743\" data-element_type=\"container\" data-e-type=\"container\">\n\t\t\t\t<div class=\"elementor-element elementor-element-92f6941 elementor-widget elementor-widget-image\" data-id=\"92f6941\" data-element_type=\"widget\" data-e-type=\"widget\" data-widget_type=\"image.default\">\n\t\t\t\t<div class=\"elementor-widget-container\">\n\t\t\t\t\t\t\t\t\t\t\t\t\t\t\t<img decoding=\"async\" width=\"640\" height=\"427\" data-src=\"https:\/\/esa-namur.be\/wp-content\/uploads\/2026\/04\/P1030067-1024x683.jpg\" class=\"attachment-large size-large wp-image-16351 lazyload\" alt=\"\" data-srcset=\"https:\/\/esa-namur.be\/wp-content\/uploads\/2026\/04\/P1030067-1024x683.jpg 1024w, https:\/\/esa-namur.be\/wp-content\/uploads\/2026\/04\/P1030067-300x200.jpg 300w, https:\/\/esa-namur.be\/wp-content\/uploads\/2026\/04\/P1030067-768x512.jpg 768w, https:\/\/esa-namur.be\/wp-content\/uploads\/2026\/04\/P1030067-1536x1024.jpg 1536w, https:\/\/esa-namur.be\/wp-content\/uploads\/2026\/04\/P1030067-2048x1365.jpg 2048w, https:\/\/esa-namur.be\/wp-content\/uploads\/2026\/04\/P1030067-600x400.jpg 600w\" data-sizes=\"(max-width: 640px) 100vw, 640px\" src=\"data:image\/svg+xml;base64,PHN2ZyB3aWR0aD0iMSIgaGVpZ2h0PSIxIiB4bWxucz0iaHR0cDovL3d3dy53My5vcmcvMjAwMC9zdmciPjwvc3ZnPg==\" style=\"--smush-placeholder-width: 640px; --smush-placeholder-aspect-ratio: 640\/427;\" \/>\t\t\t\t\t\t\t\t\t\t\t\t\t\t\t<\/div>\n\t\t\t\t<\/div>\n\t\t\t\t<\/div>\n\t\t<div class=\"elementor-element elementor-element-473a342 e-con-full e-flex e-con e-child\" data-id=\"473a342\" data-element_type=\"container\" data-e-type=\"container\">\n\t\t\t\t<div class=\"elementor-element elementor-element-83d5fd6 elementor-widget elementor-widget-heading\" data-id=\"83d5fd6\" data-element_type=\"widget\" data-e-type=\"widget\" data-widget_type=\"heading.default\">\n\t\t\t\t<div class=\"elementor-widget-container\">\n\t\t\t\t\t<h2 class=\"elementor-heading-title elementor-size-default\">Une action reconnue et valoris\u00e9e<\/h2>\t\t\t\t<\/div>\n\t\t\t\t<\/div>\n\t\t\t\t<div class=\"elementor-element elementor-element-009aef8 elementor-widget elementor-widget-text-editor\" data-id=\"009aef8\" data-element_type=\"widget\" data-e-type=\"widget\" data-widget_type=\"text-editor.default\">\n\t\t\t\t<div class=\"elementor-widget-container\">\n\t\t\t\t\t\t\t\t\t<p data-start=\"65\" data-end=\"406\">En 2025, <strong data-start=\"74\" data-end=\"131\">cette initiative a \u00e9t\u00e9 reconnue et salu\u00e9e par l\u2019AEQES<\/strong>, l\u2019Agence pour l\u2019\u00c9valuation de la Qualit\u00e9 de l\u2019Enseignement Sup\u00e9rieur en F\u00e9d\u00e9ration Wallonie-Bruxelles.<br data-start=\"235\" data-end=\"238\" \/>L\u2019ESA a eu l\u2019honneur de proposer une <strong data-start=\"275\" data-end=\"297\">conf\u00e9rence\u2013atelier<\/strong> d\u00e9di\u00e9e \u00e0 la mise en \u0153uvre de ce projet, afin d\u2019en partager les bonnes pratiques et d\u2019en amplifier la port\u00e9e.<\/p><p><!-- notionvc: a9be1f62-5561-4702-bdfd-c7f3012242bf --><\/p>\t\t\t\t\t\t\t\t<\/div>\n\t\t\t\t<\/div>\n\t\t\t\t<\/div>\n\t\t\t\t<\/div>\n\t\t\t\t\t<\/div>\n\t\t\t\t<\/div>\n\t\t<div class=\"elementor-element elementor-element-4bcc292 e-flex e-con-boxed e-con e-parent\" data-id=\"4bcc292\" data-element_type=\"container\" data-e-type=\"container\">\n\t\t\t\t\t<div class=\"e-con-inner\">\n\t\t<div class=\"elementor-element elementor-element-30a3623 e-con-full e-flex e-con e-child\" data-id=\"30a3623\" data-element_type=\"container\" data-e-type=\"container\" data-settings=\"{&quot;background_background&quot;:&quot;classic&quot;}\">\n\t\t<div class=\"elementor-element elementor-element-7227f4b e-con-full e-flex e-con e-child\" data-id=\"7227f4b\" data-element_type=\"container\" data-e-type=\"container\">\n\t\t\t\t<div class=\"elementor-element elementor-element-a1d8d1c elementor-invisible elementor-widget elementor-widget-image\" data-id=\"a1d8d1c\" data-element_type=\"widget\" data-e-type=\"widget\" data-settings=\"{&quot;_animation&quot;:&quot;fadeIn&quot;}\" data-widget_type=\"image.default\">\n\t\t\t\t<div class=\"elementor-widget-container\">\n\t\t\t\t\t\t\t\t\t\t\t\t\t\t\t<img decoding=\"async\" width=\"640\" height=\"427\" data-src=\"https:\/\/esa-namur.be\/wp-content\/uploads\/2026\/04\/P1030105-1024x683.jpg\" class=\"attachment-large size-large wp-image-16354 lazyload\" alt=\"\" data-srcset=\"https:\/\/esa-namur.be\/wp-content\/uploads\/2026\/04\/P1030105-1024x683.jpg 1024w, https:\/\/esa-namur.be\/wp-content\/uploads\/2026\/04\/P1030105-300x200.jpg 300w, https:\/\/esa-namur.be\/wp-content\/uploads\/2026\/04\/P1030105-768x512.jpg 768w, https:\/\/esa-namur.be\/wp-content\/uploads\/2026\/04\/P1030105-1536x1024.jpg 1536w, https:\/\/esa-namur.be\/wp-content\/uploads\/2026\/04\/P1030105-2048x1365.jpg 2048w, https:\/\/esa-namur.be\/wp-content\/uploads\/2026\/04\/P1030105-600x400.jpg 600w\" data-sizes=\"(max-width: 640px) 100vw, 640px\" src=\"data:image\/svg+xml;base64,PHN2ZyB3aWR0aD0iMSIgaGVpZ2h0PSIxIiB4bWxucz0iaHR0cDovL3d3dy53My5vcmcvMjAwMC9zdmciPjwvc3ZnPg==\" style=\"--smush-placeholder-width: 640px; --smush-placeholder-aspect-ratio: 640\/427;\" \/>\t\t\t\t\t\t\t\t\t\t\t\t\t\t\t<\/div>\n\t\t\t\t<\/div>\n\t\t\t\t<div class=\"elementor-element elementor-element-dc771d5 elementor-invisible elementor-widget elementor-widget-image\" data-id=\"dc771d5\" data-element_type=\"widget\" data-e-type=\"widget\" data-settings=\"{&quot;_animation&quot;:&quot;fadeIn&quot;}\" data-widget_type=\"image.default\">\n\t\t\t\t<div class=\"elementor-widget-container\">\n\t\t\t\t\t\t\t\t\t\t\t\t\t\t\t<img decoding=\"async\" width=\"640\" height=\"480\" data-src=\"https:\/\/esa-namur.be\/wp-content\/uploads\/2026\/03\/20251206_104637-1024x768.jpg\" class=\"attachment-large size-large wp-image-15081 lazyload\" alt=\"\" data-srcset=\"https:\/\/esa-namur.be\/wp-content\/uploads\/2026\/03\/20251206_104637-1024x768.jpg 1024w, https:\/\/esa-namur.be\/wp-content\/uploads\/2026\/03\/20251206_104637-300x225.jpg 300w, https:\/\/esa-namur.be\/wp-content\/uploads\/2026\/03\/20251206_104637-768x576.jpg 768w, https:\/\/esa-namur.be\/wp-content\/uploads\/2026\/03\/20251206_104637-1536x1152.jpg 1536w, https:\/\/esa-namur.be\/wp-content\/uploads\/2026\/03\/20251206_104637-2048x1536.jpg 2048w, https:\/\/esa-namur.be\/wp-content\/uploads\/2026\/03\/20251206_104637-600x450.jpg 600w\" data-sizes=\"(max-width: 640px) 100vw, 640px\" src=\"data:image\/svg+xml;base64,PHN2ZyB3aWR0aD0iMSIgaGVpZ2h0PSIxIiB4bWxucz0iaHR0cDovL3d3dy53My5vcmcvMjAwMC9zdmciPjwvc3ZnPg==\" style=\"--smush-placeholder-width: 640px; --smush-placeholder-aspect-ratio: 640\/480;\" \/>\t\t\t\t\t\t\t\t\t\t\t\t\t\t\t<\/div>\n\t\t\t\t<\/div>\n\t\t\t\t<div class=\"elementor-element elementor-element-4672752 elementor-invisible elementor-widget elementor-widget-image\" data-id=\"4672752\" data-element_type=\"widget\" data-e-type=\"widget\" data-settings=\"{&quot;_animation&quot;:&quot;fadeIn&quot;,&quot;_animation_delay&quot;:200}\" data-widget_type=\"image.default\">\n\t\t\t\t<div class=\"elementor-widget-container\">\n\t\t\t\t\t\t\t\t\t\t\t\t\t\t\t<img decoding=\"async\" width=\"640\" height=\"960\" data-src=\"https:\/\/esa-namur.be\/wp-content\/uploads\/2026\/04\/P1030064-683x1024.jpg\" class=\"attachment-large size-large wp-image-16353 lazyload\" alt=\"\" data-srcset=\"https:\/\/esa-namur.be\/wp-content\/uploads\/2026\/04\/P1030064-683x1024.jpg 683w, https:\/\/esa-namur.be\/wp-content\/uploads\/2026\/04\/P1030064-200x300.jpg 200w, https:\/\/esa-namur.be\/wp-content\/uploads\/2026\/04\/P1030064-768x1152.jpg 768w, https:\/\/esa-namur.be\/wp-content\/uploads\/2026\/04\/P1030064-1024x1536.jpg 1024w, https:\/\/esa-namur.be\/wp-content\/uploads\/2026\/04\/P1030064-1365x2048.jpg 1365w, https:\/\/esa-namur.be\/wp-content\/uploads\/2026\/04\/P1030064-600x900.jpg 600w, https:\/\/esa-namur.be\/wp-content\/uploads\/2026\/04\/P1030064-scaled.jpg 1707w\" data-sizes=\"(max-width: 640px) 100vw, 640px\" src=\"data:image\/svg+xml;base64,PHN2ZyB3aWR0aD0iMSIgaGVpZ2h0PSIxIiB4bWxucz0iaHR0cDovL3d3dy53My5vcmcvMjAwMC9zdmciPjwvc3ZnPg==\" style=\"--smush-placeholder-width: 640px; --smush-placeholder-aspect-ratio: 640\/960;\" \/>\t\t\t\t\t\t\t\t\t\t\t\t\t\t\t<\/div>\n\t\t\t\t<\/div>\n\t\t\t\t<\/div>\n\t\t<div class=\"elementor-element elementor-element-c35fcc4 e-con-full e-flex e-con e-child\" data-id=\"c35fcc4\" data-element_type=\"container\" data-e-type=\"container\">\n\t\t\t\t<div class=\"elementor-element elementor-element-4e01519 elementor-invisible elementor-widget elementor-widget-image\" data-id=\"4e01519\" data-element_type=\"widget\" data-e-type=\"widget\" data-settings=\"{&quot;_animation&quot;:&quot;fadeIn&quot;,&quot;_animation_delay&quot;:400}\" data-widget_type=\"image.default\">\n\t\t\t\t<div class=\"elementor-widget-container\">\n\t\t\t\t\t\t\t\t\t\t\t\t\t\t\t<img decoding=\"async\" width=\"640\" height=\"427\" data-src=\"https:\/\/esa-namur.be\/wp-content\/uploads\/2026\/04\/P1030024-1024x683.jpg\" class=\"attachment-large size-large wp-image-16349 lazyload\" alt=\"\" data-srcset=\"https:\/\/esa-namur.be\/wp-content\/uploads\/2026\/04\/P1030024-1024x683.jpg 1024w, https:\/\/esa-namur.be\/wp-content\/uploads\/2026\/04\/P1030024-300x200.jpg 300w, https:\/\/esa-namur.be\/wp-content\/uploads\/2026\/04\/P1030024-768x512.jpg 768w, https:\/\/esa-namur.be\/wp-content\/uploads\/2026\/04\/P1030024-1536x1024.jpg 1536w, https:\/\/esa-namur.be\/wp-content\/uploads\/2026\/04\/P1030024-2048x1365.jpg 2048w, https:\/\/esa-namur.be\/wp-content\/uploads\/2026\/04\/P1030024-600x400.jpg 600w\" data-sizes=\"(max-width: 640px) 100vw, 640px\" src=\"data:image\/svg+xml;base64,PHN2ZyB3aWR0aD0iMSIgaGVpZ2h0PSIxIiB4bWxucz0iaHR0cDovL3d3dy53My5vcmcvMjAwMC9zdmciPjwvc3ZnPg==\" style=\"--smush-placeholder-width: 640px; --smush-placeholder-aspect-ratio: 640\/427;\" \/>\t\t\t\t\t\t\t\t\t\t\t\t\t\t\t<\/div>\n\t\t\t\t<\/div>\n\t\t\t\t<div class=\"elementor-element elementor-element-d75a98b elementor-widget__width-initial elementor-invisible elementor-widget elementor-widget-image\" data-id=\"d75a98b\" data-element_type=\"widget\" data-e-type=\"widget\" data-settings=\"{&quot;_animation&quot;:&quot;fadeIn&quot;,&quot;_animation_delay&quot;:600}\" data-widget_type=\"image.default\">\n\t\t\t\t<div class=\"elementor-widget-container\">\n\t\t\t\t\t\t\t\t\t\t\t\t\t\t\t<img decoding=\"async\" width=\"640\" height=\"480\" data-src=\"https:\/\/esa-namur.be\/wp-content\/uploads\/2026\/03\/20251206_110352-1024x768.jpg\" class=\"attachment-large size-large wp-image-16087 lazyload\" alt=\"\" data-srcset=\"https:\/\/esa-namur.be\/wp-content\/uploads\/2026\/03\/20251206_110352-1024x768.jpg 1024w, https:\/\/esa-namur.be\/wp-content\/uploads\/2026\/03\/20251206_110352-300x225.jpg 300w, https:\/\/esa-namur.be\/wp-content\/uploads\/2026\/03\/20251206_110352-768x576.jpg 768w, https:\/\/esa-namur.be\/wp-content\/uploads\/2026\/03\/20251206_110352-1536x1152.jpg 1536w, https:\/\/esa-namur.be\/wp-content\/uploads\/2026\/03\/20251206_110352-2048x1536.jpg 2048w, https:\/\/esa-namur.be\/wp-content\/uploads\/2026\/03\/20251206_110352-600x450.jpg 600w\" data-sizes=\"(max-width: 640px) 100vw, 640px\" src=\"data:image\/svg+xml;base64,PHN2ZyB3aWR0aD0iMSIgaGVpZ2h0PSIxIiB4bWxucz0iaHR0cDovL3d3dy53My5vcmcvMjAwMC9zdmciPjwvc3ZnPg==\" style=\"--smush-placeholder-width: 640px; --smush-placeholder-aspect-ratio: 640\/480;\" \/>\t\t\t\t\t\t\t\t\t\t\t\t\t\t\t<\/div>\n\t\t\t\t<\/div>\n\t\t\t\t<\/div>\n\t\t<div class=\"elementor-element elementor-element-456651b e-con-full e-flex e-con e-child\" data-id=\"456651b\" data-element_type=\"container\" data-e-type=\"container\">\n\t\t\t\t<div class=\"elementor-element elementor-element-0fed1d3 elementor-cta--layout-image-right elementor-cta--valign-middle elementor-cta--mobile-layout-image-above elementor-cta--skin-classic elementor-animated-content elementor-widget elementor-widget-call-to-action\" data-id=\"0fed1d3\" data-element_type=\"widget\" data-e-type=\"widget\" data-widget_type=\"call-to-action.default\">\n\t\t\t\t<div class=\"elementor-widget-container\">\n\t\t\t\t\t\t\t<div class=\"elementor-cta\">\n\t\t\t\t\t\t\t<div class=\"elementor-cta__content\">\n\t\t\t\t\n\t\t\t\t\t\t\t\t\t<h2 class=\"elementor-cta__title elementor-cta__content-item elementor-content-item\">\n\t\t\t\t\t\tPostuler comme \u00e9tudiant ambassadeur\u200b\t\t\t\t\t<\/h2>\n\t\t\t\t\n\t\t\t\t\t\t\t\t\t<div class=\"elementor-cta__description elementor-cta__content-item elementor-content-item\">\n\t\t\t\t\t\tL\u2019ESA recherche toujours des personnalit\u00e9s dynamiques et engag\u00e9es !\n\nTu veux devenir \u00e9tudiant ambassadeur ? Lance d\u00e8s maintenant le processus de recrutement !\t\t\t\t\t<\/div>\n\t\t\t\t\n\t\t\t\t\t\t\t\t\t<div class=\"elementor-cta__button-wrapper elementor-cta__content-item elementor-content-item \">\n\t\t\t\t\t<a class=\"elementor-cta__button elementor-button elementor-size-md\" href=\"https:\/\/forms.office.com\/e\/KCSHzqaRRM\" target=\"_blank\">\n\t\t\t\t\t\tContactez-nous\t\t\t\t\t<\/a>\n\t\t\t\t\t<\/div>\n\t\t\t\t\t\t\t<\/div>\n\t\t\t\t\t\t<\/div>\n\t\t\t\t\t\t<\/div>\n\t\t\t\t<\/div>\n\t\t\t\t<\/div>\n\t\t\t\t<\/div>\n\t\t\t\t\t<\/div>\n\t\t\t\t<\/div>\n\t\t\t\t<\/div>\n\t\t","protected":false},"excerpt":{"rendered":"<p>Les \u00e9tudiants ambassadeurs Depuis 2023, l\u2019ESA soutient le projet des \u00e9tudiants ambassadeurs : des \u00e9tudiants motiv\u00e9s et talentueux qui s\u2019engagent \u00e0 repr\u00e9senter l\u2019ESA et \u00e0 dynamiser la vie \u00e9tudiante. Les objectifs du programme Faire de la vie \u00e9tudiante \u00e0 l\u2019ESA &hellip; <\/p>\n","protected":false},"author":1,"featured_media":0,"parent":0,"menu_order":0,"comment_status":"closed","ping_status":"closed","template":"","meta":{"rs_blank_template":"","rs_page_bg_color":"","slide_template_v7":"","footnotes":""},"class_list":["post-11994","page","type-page","status-publish","hentry"],"_links":{"self":[{"href":"https:\/\/esa-namur.be\/index.php\/wp-json\/wp\/v2\/pages\/11994","targetHints":{"allow":["GET"]}}],"collection":[{"href":"https:\/\/esa-namur.be\/index.php\/wp-json\/wp\/v2\/pages"}],"about":[{"href":"https:\/\/esa-namur.be\/index.php\/wp-json\/wp\/v2\/types\/page"}],"author":[{"embeddable":true,"href":"https:\/\/esa-namur.be\/index.php\/wp-json\/wp\/v2\/users\/1"}],"replies":[{"embeddable":true,"href":"https:\/\/esa-namur.be\/index.php\/wp-json\/wp\/v2\/comments?post=11994"}],"version-history":[{"count":85,"href":"https:\/\/esa-namur.be\/index.php\/wp-json\/wp\/v2\/pages\/11994\/revisions"}],"predecessor-version":[{"id":16827,"href":"https:\/\/esa-namur.be\/index.php\/wp-json\/wp\/v2\/pages\/11994\/revisions\/16827"}],"wp:attachment":[{"href":"https:\/\/esa-namur.be\/index.php\/wp-json\/wp\/v2\/media?parent=11994"}],"curies":[{"name":"wp","href":"https:\/\/api.w.org\/{rel}","templated":true}]}}