{"id":12004,"date":"2025-03-12T10:18:17","date_gmt":"2025-03-12T09:18:17","guid":{"rendered":"http:\/\/93.127.158.16\/?page_id=12004"},"modified":"2026-04-03T14:07:08","modified_gmt":"2026-04-03T12:07:08","slug":"travailler-a-lesa","status":"publish","type":"page","link":"https:\/\/esa-namur.be\/index.php\/travailler-a-lesa\/","title":{"rendered":"Travailler \u00e0 l&rsquo;ESA"},"content":{"rendered":"\t\t<div data-elementor-type=\"wp-page\" data-elementor-id=\"12004\" class=\"elementor elementor-12004\" data-elementor-post-type=\"page\">\n\t\t\t\t<div class=\"elementor-element elementor-element-29fb0f3b e-con-full e-flex e-con e-parent\" data-id=\"29fb0f3b\" data-element_type=\"container\" data-e-type=\"container\">\n\t\t\t\t<div class=\"elementor-element elementor-element-3b6a01d2 thim-ekits-heading-text-center elementor-widget thim-ekits-heading elementor-widget-thim-heading\" data-id=\"3b6a01d2\" data-element_type=\"widget\" data-e-type=\"widget\" data-widget_type=\"thim-heading.default\">\n\t\t\t\t<div class=\"elementor-widget-container\">\n\t\t\t\t\t<div class=\"sc_heading text-center\"><h2 class=\"title\">Carri\u00e8re et emplois  <span class=\"thim-color\">\u00e0 l'ESA Namur<\/span><\/h2><\/div>\t\t\t\t<\/div>\n\t\t\t\t<\/div>\n\t\t\t\t<\/div>\n\t\t\t\t<section class=\"elementor-section elementor-top-section elementor-element elementor-element-1c9d40d6 elementor-section-stretched elementor-section-boxed elementor-section-height-default elementor-section-height-default\" data-id=\"1c9d40d6\" data-element_type=\"section\" data-e-type=\"section\" data-settings=\"{&quot;stretch_section&quot;:&quot;section-stretched&quot;,&quot;background_background&quot;:&quot;classic&quot;}\">\n\t\t\t\t\t\t<div class=\"elementor-container elementor-column-gap-custom\">\n\t\t\t\t\t<div class=\"elementor-column elementor-col-50 elementor-top-column elementor-element elementor-element-121822cc\" data-id=\"121822cc\" data-element_type=\"column\" data-e-type=\"column\">\n\t\t\t<div class=\"elementor-widget-wrap elementor-element-populated\">\n\t\t\t\t\t\t<div class=\"elementor-element elementor-element-5703190c elementor-widget__width-initial elementor-widget elementor-widget-image\" data-id=\"5703190c\" data-element_type=\"widget\" data-e-type=\"widget\" data-widget_type=\"image.default\">\n\t\t\t\t<div class=\"elementor-widget-container\">\n\t\t\t\t\t\t\t\t\t\t\t\t\t\t\t<img decoding=\"async\" data-src=\"https:\/\/esa-namur.be\/wp-content\/uploads\/2026\/04\/20251004_112700-scaled.jpg\" title=\"20251004_112700\" alt=\"20251004_112700\" src=\"data:image\/svg+xml;base64,PHN2ZyB3aWR0aD0iMSIgaGVpZ2h0PSIxIiB4bWxucz0iaHR0cDovL3d3dy53My5vcmcvMjAwMC9zdmciPjwvc3ZnPg==\" class=\"lazyload\" style=\"--smush-placeholder-width: 2560px; --smush-placeholder-aspect-ratio: 2560\/1920;\" \/>\t\t\t\t\t\t\t\t\t\t\t\t\t\t\t<\/div>\n\t\t\t\t<\/div>\n\t\t\t\t\t<\/div>\n\t\t<\/div>\n\t\t\t\t<div class=\"elementor-column elementor-col-50 elementor-top-column elementor-element elementor-element-301fd10c\" data-id=\"301fd10c\" data-element_type=\"column\" data-e-type=\"column\">\n\t\t\t<div class=\"elementor-widget-wrap elementor-element-populated\">\n\t\t\t\t\t\t<div class=\"elementor-element elementor-element-3fffd843 elementor-widget thim-ekits-heading elementor-widget-thim-heading\" data-id=\"3fffd843\" data-element_type=\"widget\" data-e-type=\"widget\" data-widget_type=\"thim-heading.default\">\n\t\t\t\t<div class=\"elementor-widget-container\">\n\t\t\t\t\t<div class=\"sc_heading\"><h2 class=\"title\">Rejoignez  <span class=\"thim-color\"> l'ESA Namur<\/span><\/h2><div class=\"sub-heading\"><p>L'ESA Namur est r\u00e9guli\u00e8rement \u00e0 la recherche de nouveaux talents, que ce soit pour enrichir son corps professoral ou renforcer ses \u00e9quipes administratives. Si vous souhaitez \u00e9voluer dans un environnement dynamique et contribuer \u00e0 la r\u00e9ussite de nos \u00e9tudiants, consultez nos offres d'emploi ci-dessous ou soumettez votre candidature spontan\u00e9e.<\/p>\n<\/div><\/div>\t\t\t\t<\/div>\n\t\t\t\t<\/div>\n\t\t\t\t<div class=\"elementor-element elementor-element-eed02e3 elementor-widget elementor-widget-n-accordion\" data-id=\"eed02e3\" data-element_type=\"widget\" data-e-type=\"widget\" data-settings=\"{&quot;default_state&quot;:&quot;all_collapsed&quot;,&quot;max_items_expended&quot;:&quot;one&quot;,&quot;n_accordion_animation_duration&quot;:{&quot;unit&quot;:&quot;ms&quot;,&quot;size&quot;:400,&quot;sizes&quot;:[]}}\" data-widget_type=\"nested-accordion.default\">\n\t\t\t\t<div class=\"elementor-widget-container\">\n\t\t\t\t\t\t\t<div class=\"e-n-accordion\" aria-label=\"Accordion. Open links with Enter or Space, close with Escape, and navigate with Arrow Keys\">\n\t\t\t\t\t\t<details id=\"e-n-accordion-item-2500\" class=\"e-n-accordion-item\" >\n\t\t\t\t<summary class=\"e-n-accordion-item-title\" data-accordion-index=\"1\" tabindex=\"0\" aria-expanded=\"false\" aria-controls=\"e-n-accordion-item-2500\" >\n\t\t\t\t\t<span class='e-n-accordion-item-title-header'><div class=\"e-n-accordion-item-title-text\"> D\u00e9couvrez nos offres en cours <\/div><\/span>\n\t\t\t\t\t\t\t<span class='e-n-accordion-item-title-icon'>\n\t\t\t<span class='e-opened' ><svg aria-hidden=\"true\" class=\"e-font-icon-svg e-fas-minus\" viewBox=\"0 0 448 512\" xmlns=\"http:\/\/www.w3.org\/2000\/svg\"><path d=\"M416 208H32c-17.67 0-32 14.33-32 32v32c0 17.67 14.33 32 32 32h384c17.67 0 32-14.33 32-32v-32c0-17.67-14.33-32-32-32z\"><\/path><\/svg><\/span>\n\t\t\t<span class='e-closed'><svg aria-hidden=\"true\" class=\"e-font-icon-svg e-fas-plus\" viewBox=\"0 0 448 512\" xmlns=\"http:\/\/www.w3.org\/2000\/svg\"><path d=\"M416 208H272V64c0-17.67-14.33-32-32-32h-32c-17.67 0-32 14.33-32 32v144H32c-17.67 0-32 14.33-32 32v32c0 17.67 14.33 32 32 32h144v144c0 17.67 14.33 32 32 32h32c17.67 0 32-14.33 32-32V304h144c17.67 0 32-14.33 32-32v-32c0-17.67-14.33-32-32-32z\"><\/path><\/svg><\/span>\n\t\t<\/span>\n\n\t\t\t\t\t\t<\/summary>\n\t\t\t\t<div role=\"region\" aria-labelledby=\"e-n-accordion-item-2500\" class=\"elementor-element elementor-element-d52d432 e-con-full e-flex e-con e-child\" data-id=\"d52d432\" data-element_type=\"container\" data-e-type=\"container\">\n\t\t<div role=\"region\" aria-labelledby=\"e-n-accordion-item-2500\" class=\"elementor-element elementor-element-37f198a e-flex e-con-boxed e-con e-child\" data-id=\"37f198a\" data-element_type=\"container\" data-e-type=\"container\">\n\t\t\t\t\t<div class=\"e-con-inner\">\n\t\t\t\t<div class=\"elementor-element elementor-element-8c222c6 elementor-widget elementor-widget-text-editor\" data-id=\"8c222c6\" data-element_type=\"widget\" data-e-type=\"widget\" data-widget_type=\"text-editor.default\">\n\t\t\t\t<div class=\"elementor-widget-container\">\n\t\t\t\t\t\t\t\t\t<p>Aucune offre en cours actuellement.<\/p>\t\t\t\t\t\t\t\t<\/div>\n\t\t\t\t<\/div>\n\t\t\t\t\t<\/div>\n\t\t\t\t<\/div>\n\t\t\t\t<\/div>\n\t\t\t\t\t<\/details>\n\t\t\t\t\t<\/div>\n\t\t\t\t\t\t<\/div>\n\t\t\t\t<\/div>\n\t\t\t\t\t<\/div>\n\t\t<\/div>\n\t\t\t\t\t<\/div>\n\t\t<\/section>\n\t\t<div class=\"elementor-element elementor-element-4e3fd80 e-flex e-con-boxed e-con e-parent\" data-id=\"4e3fd80\" data-element_type=\"container\" data-e-type=\"container\">\n\t\t\t\t\t<div class=\"e-con-inner\">\n\t\t<div class=\"elementor-element elementor-element-5c2d1b9 e-con-full e-flex e-con e-child\" data-id=\"5c2d1b9\" data-element_type=\"container\" data-e-type=\"container\">\n\t\t\t\t<div class=\"elementor-element elementor-element-615384e elementor-widget thim-ekits-heading elementor-widget-thim-heading\" data-id=\"615384e\" data-element_type=\"widget\" data-e-type=\"widget\" data-widget_type=\"thim-heading.default\">\n\t\t\t\t<div class=\"elementor-widget-container\">\n\t\t\t\t\t<div class=\"sc_heading\"><h2 class=\"title\">Nos types de profils recherch\u00e9s \u00e0 l'  <span class=\"thim-color\">ESA Namur ?<\/span><\/h2><\/div>\t\t\t\t<\/div>\n\t\t\t\t<\/div>\n\t\t\t\t<div class=\"elementor-element elementor-element-a6b1071 elementor-widget elementor-widget-text-editor\" data-id=\"a6b1071\" data-element_type=\"widget\" data-e-type=\"widget\" data-widget_type=\"text-editor.default\">\n\t\t\t\t<div class=\"elementor-widget-container\">\n\t\t\t\t\t\t\t\t\t<div class=\"recrutement-esa\">\n<h3><strong>Charg\u00e9(e) de cours<\/strong><\/h3>\n<ul class=\"liste-bleue\">\n \t<li><strong>Domaines \u00e9conomiques<\/strong> : comptabilit\u00e9, gestion, finance, droit, marketing, communication, informatique, fiscalit\u00e9, \u00e9conomie, statistiques.<\/li>\n \t<li><strong>Langues<\/strong> : anglais, n\u00e9erlandais, espagnol, fran\u00e7ais langue \u00e9trang\u00e8re (FLE).<\/li>\n<\/ul>\n<h3><strong>Comment postuler ?<\/strong><\/h3>\nEnvoyez votre candidature par e-mail \u00e0 <strong><a href=\"mailto:candidatures@esanamur.be\">candidatures@esanamur.be<\/a><\/strong> en mentionnant dans l\u2019objet le poste pour lequel vous postulez.\n\nVotre dossier doit comprendre :\n<ul class=\"liste-bleue\">\n \t<li>Un curriculum vitae d\u00e9taill\u00e9.<\/li>\n \t<li>Une lettre de motivation mettant en avant vos comp\u00e9tences et votre motivation.<\/li>\n<\/ul>\n<strong>Suivez-nous sur <a href=\"https:\/\/www.linkedin.com\/school\/esanamur\">LinkedIn<\/a> pour rester inform\u00e9 de nos opportunit\u00e9s de recrutement !<\/strong>\n\n<\/div>\t\t\t\t\t\t\t\t<\/div>\n\t\t\t\t<\/div>\n\t\t\t\t<div class=\"elementor-element elementor-element-248c643 elementor-widget thim-widget-button\" data-id=\"248c643\" data-element_type=\"widget\" data-e-type=\"widget\" data-widget_type=\"thim-button.default\">\n\t\t\t\t<div class=\"elementor-widget-container\">\n\t\t\t\t\t<a class=\"widget-button normal\" href=\"#\"><\/a>\t\t\t\t<\/div>\n\t\t\t\t<\/div>\n\t\t\t\t<\/div>\n\t\t<div class=\"elementor-element elementor-element-ae8469d e-con-full e-flex e-con e-child\" data-id=\"ae8469d\" data-element_type=\"container\" data-e-type=\"container\">\n\t\t\t\t<div class=\"elementor-element elementor-element-29f9394 elementor-widget elementor-widget-image\" data-id=\"29f9394\" data-element_type=\"widget\" data-e-type=\"widget\" data-widget_type=\"image.default\">\n\t\t\t\t<div class=\"elementor-widget-container\">\n\t\t\t\t\t\t\t\t\t\t\t\t\t\t\t<img fetchpriority=\"high\" decoding=\"async\" width=\"2560\" height=\"1597\" src=\"https:\/\/esa-namur.be\/wp-content\/uploads\/2026\/04\/kelly-sikkema-LM17xCofKA0-unsplash-scaled.jpg\" class=\"attachment-full size-full wp-image-16342\" alt=\"\" srcset=\"https:\/\/esa-namur.be\/wp-content\/uploads\/2026\/04\/kelly-sikkema-LM17xCofKA0-unsplash-scaled.jpg 2560w, https:\/\/esa-namur.be\/wp-content\/uploads\/2026\/04\/kelly-sikkema-LM17xCofKA0-unsplash-300x187.jpg 300w, https:\/\/esa-namur.be\/wp-content\/uploads\/2026\/04\/kelly-sikkema-LM17xCofKA0-unsplash-1024x639.jpg 1024w, https:\/\/esa-namur.be\/wp-content\/uploads\/2026\/04\/kelly-sikkema-LM17xCofKA0-unsplash-768x479.jpg 768w, https:\/\/esa-namur.be\/wp-content\/uploads\/2026\/04\/kelly-sikkema-LM17xCofKA0-unsplash-1536x958.jpg 1536w, https:\/\/esa-namur.be\/wp-content\/uploads\/2026\/04\/kelly-sikkema-LM17xCofKA0-unsplash-2048x1278.jpg 2048w, https:\/\/esa-namur.be\/wp-content\/uploads\/2026\/04\/kelly-sikkema-LM17xCofKA0-unsplash-600x374.jpg 600w\" sizes=\"(max-width: 2560px) 100vw, 2560px\" \/>\t\t\t\t\t\t\t\t\t\t\t\t\t\t\t<\/div>\n\t\t\t\t<\/div>\n\t\t\t\t<\/div>\n\t\t\t\t\t<\/div>\n\t\t\t\t<\/div>\n\t\t<div class=\"elementor-element elementor-element-4692ea8c e-flex e-con-boxed e-con e-parent\" data-id=\"4692ea8c\" data-element_type=\"container\" data-e-type=\"container\">\n\t\t\t\t\t<div class=\"e-con-inner\">\n\t\t<div class=\"elementor-element elementor-element-34dbeac4 e-con-full e-flex e-con e-child\" data-id=\"34dbeac4\" data-element_type=\"container\" data-e-type=\"container\">\n\t\t\t\t<div class=\"elementor-element elementor-element-2e79ccd0 elementor-widget elementor-widget-image\" data-id=\"2e79ccd0\" data-element_type=\"widget\" data-e-type=\"widget\" data-widget_type=\"image.default\">\n\t\t\t\t<div class=\"elementor-widget-container\">\n\t\t\t\t\t\t\t\t\t\t\t\t\t\t\t<img decoding=\"async\" width=\"2560\" height=\"1920\" data-src=\"https:\/\/esa-namur.be\/wp-content\/uploads\/2026\/04\/20251004_120307-scaled.jpg\" class=\"attachment-full size-full wp-image-16455 lazyload\" alt=\"\" data-srcset=\"https:\/\/esa-namur.be\/wp-content\/uploads\/2026\/04\/20251004_120307-scaled.jpg 2560w, https:\/\/esa-namur.be\/wp-content\/uploads\/2026\/04\/20251004_120307-300x225.jpg 300w, https:\/\/esa-namur.be\/wp-content\/uploads\/2026\/04\/20251004_120307-1024x768.jpg 1024w, https:\/\/esa-namur.be\/wp-content\/uploads\/2026\/04\/20251004_120307-768x576.jpg 768w, https:\/\/esa-namur.be\/wp-content\/uploads\/2026\/04\/20251004_120307-1536x1152.jpg 1536w, https:\/\/esa-namur.be\/wp-content\/uploads\/2026\/04\/20251004_120307-2048x1536.jpg 2048w, https:\/\/esa-namur.be\/wp-content\/uploads\/2026\/04\/20251004_120307-600x450.jpg 600w\" data-sizes=\"(max-width: 2560px) 100vw, 2560px\" src=\"data:image\/svg+xml;base64,PHN2ZyB3aWR0aD0iMSIgaGVpZ2h0PSIxIiB4bWxucz0iaHR0cDovL3d3dy53My5vcmcvMjAwMC9zdmciPjwvc3ZnPg==\" style=\"--smush-placeholder-width: 2560px; --smush-placeholder-aspect-ratio: 2560\/1920;\" \/>\t\t\t\t\t\t\t\t\t\t\t\t\t\t\t<\/div>\n\t\t\t\t<\/div>\n\t\t\t\t<\/div>\n\t\t<div class=\"elementor-element elementor-element-2366c5b7 e-con-full e-flex e-con e-child\" data-id=\"2366c5b7\" data-element_type=\"container\" data-e-type=\"container\">\n\t\t\t\t<div class=\"elementor-element elementor-element-570eae70 elementor-widget thim-ekits-heading elementor-widget-thim-heading\" data-id=\"570eae70\" data-element_type=\"widget\" data-e-type=\"widget\" data-widget_type=\"thim-heading.default\">\n\t\t\t\t<div class=\"elementor-widget-container\">\n\t\t\t\t\t<div class=\"sc_heading\"><h2 class=\"title\">Pourquoi rejoindre  <span class=\"thim-color\">l'ESA Namur ?<\/span><\/h2><div class=\"sub-heading\"><p>Vous \u00eates passionn\u00e9 par votre m\u00e9tier et votre domaine d'expertise ? <br \/> Vous avez envie de voir <b>un impact direct<\/b> sur l\u2019\u00e9volution des talents de demain ?<\/p>\n<p>L'ESA Namur offre \u00e0 chacun la possibilit\u00e9 de partager son exp\u00e9rience en tant que professeur expert. Une occasion essentielle pour enrichir votre carri\u00e8re et d\u00e9velopper vos comp\u00e9tences p\u00e9dagogiques.<\/p>\n<p>Rejoindre l'ESA Namur en tant que professeur, c\u2019est l\u2019opportunit\u00e9 de transmettre des savoirs tout en continuant \u00e0 \u00e9voluer dans votre m\u00e9tier principal avec des horaires en soir\u00e9e et le samedi matin, vous b\u00e9n\u00e9ficiez d\u2019une flexibilit\u00e9 optimale.<\/p>\n<\/div><\/div>\t\t\t\t<\/div>\n\t\t\t\t<\/div>\n\t\t\t\t<div class=\"elementor-element elementor-element-738b6a62 elementor-widget thim-widget-button\" data-id=\"738b6a62\" data-element_type=\"widget\" data-e-type=\"widget\" data-widget_type=\"thim-button.default\">\n\t\t\t\t<div class=\"elementor-widget-container\">\n\t\t\t\t\t<a class=\"widget-button normal\" href=\"#\"><\/a>\t\t\t\t<\/div>\n\t\t\t\t<\/div>\n\t\t\t\t<\/div>\n\t\t\t\t\t<\/div>\n\t\t\t\t<\/div>\n\t\t<div class=\"elementor-element elementor-element-121c20cc e-flex e-con-boxed e-con e-parent\" data-id=\"121c20cc\" data-element_type=\"container\" data-e-type=\"container\" data-settings=\"{&quot;background_background&quot;:&quot;classic&quot;}\">\n\t\t\t\t\t<div class=\"e-con-inner\">\n\t\t\t\t<div class=\"elementor-element elementor-element-3a6f1cfe elementor-widget__width-inherit elementor-widget elementor-widget-heading\" data-id=\"3a6f1cfe\" data-element_type=\"widget\" data-e-type=\"widget\" data-widget_type=\"heading.default\">\n\t\t\t\t<div class=\"elementor-widget-container\">\n\t\t\t\t\t<h2 class=\"elementor-heading-title elementor-size-default\">Consultez nos offres d'emploi et nos actualit\u00e9s<\/h2>\t\t\t\t<\/div>\n\t\t\t\t<\/div>\n\t\t<div class=\"elementor-element elementor-element-372d313a e-con-full e-flex e-con e-child\" data-id=\"372d313a\" data-element_type=\"container\" data-e-type=\"container\">\n\t\t\t\t<div class=\"elementor-element elementor-element-46d8a753 elementor-view-stacked elementor-shape-square elementor-widget-tablet__width-initial elementor-position-inline-start elementor-widget__width-initial elementor-mobile-position-block-start elementor-widget elementor-widget-icon-box\" data-id=\"46d8a753\" data-element_type=\"widget\" data-e-type=\"widget\" data-widget_type=\"icon-box.default\">\n\t\t\t\t<div class=\"elementor-widget-container\">\n\t\t\t\t\t\t\t<div class=\"elementor-icon-box-wrapper\">\n\n\t\t\t\t\t\t<div class=\"elementor-icon-box-icon\">\n\t\t\t\t<a href=\"https:\/\/www.linkedin.com\/school\/esanamur\" target=\"_blank\" class=\"elementor-icon elementor-animation-shrink\" tabindex=\"-1\" aria-label=\"Linkedin\">\n\t\t\t\t<svg aria-hidden=\"true\" class=\"e-font-icon-svg e-fab-linkedin\" viewBox=\"0 0 448 512\" xmlns=\"http:\/\/www.w3.org\/2000\/svg\"><path d=\"M416 32H31.9C14.3 32 0 46.5 0 64.3v383.4C0 465.5 14.3 480 31.9 480H416c17.6 0 32-14.5 32-32.3V64.3c0-17.8-14.4-32.3-32-32.3zM135.4 416H69V202.2h66.5V416zm-33.2-243c-21.3 0-38.5-17.3-38.5-38.5S80.9 96 102.2 96c21.2 0 38.5 17.3 38.5 38.5 0 21.3-17.2 38.5-38.5 38.5zm282.1 243h-66.4V312c0-24.8-.5-56.7-34.5-56.7-34.6 0-39.9 27-39.9 54.9V416h-66.4V202.2h63.7v29.2h.9c8.9-16.8 30.6-34.5 62.9-34.5 67.2 0 79.7 44.3 79.7 101.9V416z\"><\/path><\/svg>\t\t\t\t<\/a>\n\t\t\t<\/div>\n\t\t\t\n\t\t\t\t\t\t<div class=\"elementor-icon-box-content\">\n\n\t\t\t\t\t\t\t\t\t<h4 class=\"elementor-icon-box-title\">\n\t\t\t\t\t\t<a href=\"https:\/\/www.linkedin.com\/school\/esanamur\" target=\"_blank\" >\n\t\t\t\t\t\t\tLinkedin\t\t\t\t\t\t<\/a>\n\t\t\t\t\t<\/h4>\n\t\t\t\t\n\t\t\t\t\t\t\t\t\t<p class=\"elementor-icon-box-description\">\n\t\t\t\t\t\tEcole Sup\u00e9rieure des Affaires\t\t\t\t\t<\/p>\n\t\t\t\t\n\t\t\t<\/div>\n\t\t\t\n\t\t<\/div>\n\t\t\t\t\t\t<\/div>\n\t\t\t\t<\/div>\n\t\t\t\t<div class=\"elementor-element elementor-element-67f51f0a elementor-view-stacked elementor-shape-square elementor-widget-tablet__width-initial elementor-position-inline-start elementor-widget__width-initial elementor-mobile-position-block-start elementor-widget elementor-widget-icon-box\" data-id=\"67f51f0a\" data-element_type=\"widget\" data-e-type=\"widget\" data-widget_type=\"icon-box.default\">\n\t\t\t\t<div class=\"elementor-widget-container\">\n\t\t\t\t\t\t\t<div class=\"elementor-icon-box-wrapper\">\n\n\t\t\t\t\t\t<div class=\"elementor-icon-box-icon\">\n\t\t\t\t<a href=\"https:\/\/www.facebook.com\/esanamur\/\" target=\"_blank\" class=\"elementor-icon elementor-animation-shrink\" tabindex=\"-1\" aria-label=\"Facebook\">\n\t\t\t\t<svg aria-hidden=\"true\" class=\"e-font-icon-svg e-fab-facebook\" viewBox=\"0 0 512 512\" xmlns=\"http:\/\/www.w3.org\/2000\/svg\"><path d=\"M504 256C504 119 393 8 256 8S8 119 8 256c0 123.78 90.69 226.38 209.25 245V327.69h-63V256h63v-54.64c0-62.15 37-96.48 93.67-96.48 27.14 0 55.52 4.84 55.52 4.84v61h-31.28c-30.8 0-40.41 19.12-40.41 38.73V256h68.78l-11 71.69h-57.78V501C413.31 482.38 504 379.78 504 256z\"><\/path><\/svg>\t\t\t\t<\/a>\n\t\t\t<\/div>\n\t\t\t\n\t\t\t\t\t\t<div class=\"elementor-icon-box-content\">\n\n\t\t\t\t\t\t\t\t\t<h4 class=\"elementor-icon-box-title\">\n\t\t\t\t\t\t<a href=\"https:\/\/www.facebook.com\/esanamur\/\" target=\"_blank\" >\n\t\t\t\t\t\t\tFacebook\t\t\t\t\t\t<\/a>\n\t\t\t\t\t<\/h4>\n\t\t\t\t\n\t\t\t\t\t\t\t\t\t<p class=\"elementor-icon-box-description\">\n\t\t\t\t\t\tESA Namur\t\t\t\t\t<\/p>\n\t\t\t\t\n\t\t\t<\/div>\n\t\t\t\n\t\t<\/div>\n\t\t\t\t\t\t<\/div>\n\t\t\t\t<\/div>\n\t\t\t\t<div class=\"elementor-element elementor-element-20cc0ceb elementor-view-stacked elementor-shape-square elementor-widget-tablet__width-initial elementor-position-inline-start elementor-widget__width-initial elementor-mobile-position-block-start elementor-widget elementor-widget-icon-box\" data-id=\"20cc0ceb\" data-element_type=\"widget\" data-e-type=\"widget\" data-widget_type=\"icon-box.default\">\n\t\t\t\t<div class=\"elementor-widget-container\">\n\t\t\t\t\t\t\t<div class=\"elementor-icon-box-wrapper\">\n\n\t\t\t\t\t\t<div class=\"elementor-icon-box-icon\">\n\t\t\t\t<a href=\"https:\/\/www.instagram.com\/esa_namur\/\" target=\"_blank\" class=\"elementor-icon elementor-animation-shrink\" tabindex=\"-1\" aria-label=\"instagram\">\n\t\t\t\t<svg aria-hidden=\"true\" class=\"e-font-icon-svg e-fab-instagram\" viewBox=\"0 0 448 512\" xmlns=\"http:\/\/www.w3.org\/2000\/svg\"><path d=\"M224.1 141c-63.6 0-114.9 51.3-114.9 114.9s51.3 114.9 114.9 114.9S339 319.5 339 255.9 287.7 141 224.1 141zm0 189.6c-41.1 0-74.7-33.5-74.7-74.7s33.5-74.7 74.7-74.7 74.7 33.5 74.7 74.7-33.6 74.7-74.7 74.7zm146.4-194.3c0 14.9-12 26.8-26.8 26.8-14.9 0-26.8-12-26.8-26.8s12-26.8 26.8-26.8 26.8 12 26.8 26.8zm76.1 27.2c-1.7-35.9-9.9-67.7-36.2-93.9-26.2-26.2-58-34.4-93.9-36.2-37-2.1-147.9-2.1-184.9 0-35.8 1.7-67.6 9.9-93.9 36.1s-34.4 58-36.2 93.9c-2.1 37-2.1 147.9 0 184.9 1.7 35.9 9.9 67.7 36.2 93.9s58 34.4 93.9 36.2c37 2.1 147.9 2.1 184.9 0 35.9-1.7 67.7-9.9 93.9-36.2 26.2-26.2 34.4-58 36.2-93.9 2.1-37 2.1-147.8 0-184.8zM398.8 388c-7.8 19.6-22.9 34.7-42.6 42.6-29.5 11.7-99.5 9-132.1 9s-102.7 2.6-132.1-9c-19.6-7.8-34.7-22.9-42.6-42.6-11.7-29.5-9-99.5-9-132.1s-2.6-102.7 9-132.1c7.8-19.6 22.9-34.7 42.6-42.6 29.5-11.7 99.5-9 132.1-9s102.7-2.6 132.1 9c19.6 7.8 34.7 22.9 42.6 42.6 11.7 29.5 9 99.5 9 132.1s2.7 102.7-9 132.1z\"><\/path><\/svg>\t\t\t\t<\/a>\n\t\t\t<\/div>\n\t\t\t\n\t\t\t\t\t\t<div class=\"elementor-icon-box-content\">\n\n\t\t\t\t\t\t\t\t\t<h4 class=\"elementor-icon-box-title\">\n\t\t\t\t\t\t<a href=\"https:\/\/www.instagram.com\/esa_namur\/\" target=\"_blank\" >\n\t\t\t\t\t\t\tinstagram\t\t\t\t\t\t<\/a>\n\t\t\t\t\t<\/h4>\n\t\t\t\t\n\t\t\t\t\t\t\t\t\t<p class=\"elementor-icon-box-description\">\n\t\t\t\t\t\t@esa_namur\t\t\t\t\t<\/p>\n\t\t\t\t\n\t\t\t<\/div>\n\t\t\t\n\t\t<\/div>\n\t\t\t\t\t\t<\/div>\n\t\t\t\t<\/div>\n\t\t\t\t<\/div>\n\t\t\t\t\t<\/div>\n\t\t\t\t<\/div>\n\t\t\t\t<\/div>\n\t\t","protected":false},"excerpt":{"rendered":"<p>Carri\u00e8re et emplois \u00e0 l&rsquo;ESA Namur Rejoignez l&rsquo;ESA Namur L&rsquo;ESA Namur est r\u00e9guli\u00e8rement \u00e0 la recherche de nouveaux talents, que ce soit pour enrichir son corps professoral ou renforcer ses \u00e9quipes administratives. Si vous souhaitez \u00e9voluer dans un environnement dynamique &hellip; <\/p>\n","protected":false},"author":1,"featured_media":0,"parent":0,"menu_order":0,"comment_status":"closed","ping_status":"closed","template":"","meta":{"rs_blank_template":"","rs_page_bg_color":"","slide_template_v7":"","footnotes":""},"class_list":["post-12004","page","type-page","status-publish","hentry"],"_links":{"self":[{"href":"https:\/\/esa-namur.be\/index.php\/wp-json\/wp\/v2\/pages\/12004","targetHints":{"allow":["GET"]}}],"collection":[{"href":"https:\/\/esa-namur.be\/index.php\/wp-json\/wp\/v2\/pages"}],"about":[{"href":"https:\/\/esa-namur.be\/index.php\/wp-json\/wp\/v2\/types\/page"}],"author":[{"embeddable":true,"href":"https:\/\/esa-namur.be\/index.php\/wp-json\/wp\/v2\/users\/1"}],"replies":[{"embeddable":true,"href":"https:\/\/esa-namur.be\/index.php\/wp-json\/wp\/v2\/comments?post=12004"}],"version-history":[{"count":46,"href":"https:\/\/esa-namur.be\/index.php\/wp-json\/wp\/v2\/pages\/12004\/revisions"}],"predecessor-version":[{"id":16508,"href":"https:\/\/esa-namur.be\/index.php\/wp-json\/wp\/v2\/pages\/12004\/revisions\/16508"}],"wp:attachment":[{"href":"https:\/\/esa-namur.be\/index.php\/wp-json\/wp\/v2\/media?parent=12004"}],"curies":[{"name":"wp","href":"https:\/\/api.w.org\/{rel}","templated":true}]}}