{"id":13016,"date":"2025-04-08T15:18:13","date_gmt":"2025-04-08T13:18:13","guid":{"rendered":"http:\/\/93.127.158.16\/?page_id=13016"},"modified":"2026-03-17T14:41:27","modified_gmt":"2026-03-17T13:41:27","slug":"nos-partenaires","status":"publish","type":"page","link":"https:\/\/esa-namur.be\/index.php\/nos-partenaires\/","title":{"rendered":"Nos partenaires"},"content":{"rendered":"\t\t<div data-elementor-type=\"wp-page\" data-elementor-id=\"13016\" class=\"elementor elementor-13016\" data-elementor-post-type=\"page\">\n\t\t\t\t<div class=\"elementor-element elementor-element-b6329b1 e-flex e-con-boxed e-con e-parent\" data-id=\"b6329b1\" data-element_type=\"container\" data-e-type=\"container\">\n\t\t\t\t\t<div class=\"e-con-inner\">\n\t\t<div class=\"elementor-element elementor-element-3c075fe e-con-full e-flex e-con e-child\" data-id=\"3c075fe\" data-element_type=\"container\" data-e-type=\"container\">\n\t\t\t\t<div class=\"elementor-element elementor-element-6ab261a elementor-widget thim-ekits-heading elementor-widget-thim-heading\" data-id=\"6ab261a\" data-element_type=\"widget\" data-e-type=\"widget\" data-widget_type=\"thim-heading.default\">\n\t\t\t\t<div class=\"elementor-widget-container\">\n\t\t\t\t\t<div class=\"sc_heading\"><h2 class=\"title\">Nos Partenaires <\/h2><div class=\"sub-heading\"><p>Depuis toujours, notre \u00e9cole collabore avec des partenaires acad\u00e9miques et particuliers pour offrir \u00e0 nos \u00e9tudiants le meilleur de chaque monde.<\/p>\n<\/div><\/div>\t\t\t\t<\/div>\n\t\t\t\t<\/div>\n\t\t\t\t<div class=\"elementor-element elementor-element-64374e2 elementor-widget elementor-widget-spacer\" data-id=\"64374e2\" data-element_type=\"widget\" data-e-type=\"widget\" data-widget_type=\"spacer.default\">\n\t\t\t\t<div class=\"elementor-widget-container\">\n\t\t\t\t\t\t\t<div class=\"elementor-spacer\">\n\t\t\t<div class=\"elementor-spacer-inner\"><\/div>\n\t\t<\/div>\n\t\t\t\t\t\t<\/div>\n\t\t\t\t<\/div>\n\t\t\t\t<\/div>\n\t\t\t\t\t<\/div>\n\t\t\t\t<\/div>\n\t\t<div class=\"elementor-element elementor-element-b877322 e-flex e-con-boxed e-con e-parent\" data-id=\"b877322\" data-element_type=\"container\" data-e-type=\"container\">\n\t\t\t\t\t<div class=\"e-con-inner\">\n\t\t\t\t<div class=\"elementor-element elementor-element-24962d8 elementor-widget thim-ekits-heading elementor-widget-thim-heading\" data-id=\"24962d8\" data-element_type=\"widget\" data-e-type=\"widget\" data-widget_type=\"thim-heading.default\">\n\t\t\t\t<div class=\"elementor-widget-container\">\n\t\t\t\t\t<div class=\"sc_heading\"><h3 class=\"title\">Partenaires institutionnels et gouvernementaux <\/h3><\/div>\t\t\t\t<\/div>\n\t\t\t\t<\/div>\n\t\t\t\t<div class=\"elementor-element elementor-element-68debee elementor-position-left elementor-vertical-align-middle elementor-widget__width-initial elementor-position-top elementor-widget-mobile__width-inherit elementor-widget elementor-widget-image-box\" data-id=\"68debee\" data-element_type=\"widget\" data-e-type=\"widget\" data-widget_type=\"image-box.default\">\n\t\t\t\t<div class=\"elementor-widget-container\">\n\t\t\t\t\t<div class=\"elementor-image-box-wrapper\"><figure class=\"elementor-image-box-img\"><a href=\"https:\/\/www.federation-wallonie-bruxelles.be\/\" target=\"_blank\" tabindex=\"-1\"><img decoding=\"async\" width=\"300\" height=\"66\" data-src=\"https:\/\/esa-namur.be\/wp-content\/uploads\/2025\/04\/logo-wallonie-bruxelles.png\" class=\"attachment-full size-full wp-image-13128 lazyload\" alt=\"\" src=\"data:image\/svg+xml;base64,PHN2ZyB3aWR0aD0iMSIgaGVpZ2h0PSIxIiB4bWxucz0iaHR0cDovL3d3dy53My5vcmcvMjAwMC9zdmciPjwvc3ZnPg==\" style=\"--smush-placeholder-width: 300px; --smush-placeholder-aspect-ratio: 300\/66;\" \/><\/a><\/figure><div class=\"elementor-image-box-content\"><h6 class=\"elementor-image-box-title\"><a href=\"https:\/\/www.federation-wallonie-bruxelles.be\/\" target=\"_blank\">F\u00e9d\u00e9ration wallonie-Bruxelles<\/a><\/h6><\/div><\/div>\t\t\t\t<\/div>\n\t\t\t\t<\/div>\n\t\t\t\t<div class=\"elementor-element elementor-element-8ae3923 elementor-position-left elementor-vertical-align-middle elementor-widget__width-initial elementor-position-top elementor-widget-mobile__width-inherit elementor-widget elementor-widget-image-box\" data-id=\"8ae3923\" data-element_type=\"widget\" data-e-type=\"widget\" data-widget_type=\"image-box.default\">\n\t\t\t\t<div class=\"elementor-widget-container\">\n\t\t\t\t\t<div class=\"elementor-image-box-wrapper\"><figure class=\"elementor-image-box-img\"><a href=\"https:\/\/www.leforem.be\/index.html\" target=\"_blank\" tabindex=\"-1\"><img decoding=\"async\" width=\"186\" height=\"53\" data-src=\"https:\/\/esa-namur.be\/wp-content\/uploads\/2025\/04\/logo-forem.svg\" class=\"attachment-full size-full wp-image-13118 lazyload\" alt=\"\" src=\"data:image\/svg+xml;base64,PHN2ZyB3aWR0aD0iMSIgaGVpZ2h0PSIxIiB4bWxucz0iaHR0cDovL3d3dy53My5vcmcvMjAwMC9zdmciPjwvc3ZnPg==\" style=\"--smush-placeholder-width: 186px; --smush-placeholder-aspect-ratio: 186\/53;\" \/><\/a><\/figure><div class=\"elementor-image-box-content\"><h6 class=\"elementor-image-box-title\"><a href=\"https:\/\/www.leforem.be\/index.html\" target=\"_blank\">Le Forem<\/a><\/h6><\/div><\/div>\t\t\t\t<\/div>\n\t\t\t\t<\/div>\n\t\t\t\t\t<\/div>\n\t\t\t\t<\/div>\n\t\t<div class=\"elementor-element elementor-element-16b0d97 e-flex e-con-boxed e-con e-parent\" data-id=\"16b0d97\" data-element_type=\"container\" data-e-type=\"container\">\n\t\t\t\t\t<div class=\"e-con-inner\">\n\t\t\t\t<div class=\"elementor-element elementor-element-e11f76c elementor-widget elementor-widget-spacer\" data-id=\"e11f76c\" data-element_type=\"widget\" data-e-type=\"widget\" data-widget_type=\"spacer.default\">\n\t\t\t\t<div class=\"elementor-widget-container\">\n\t\t\t\t\t\t\t<div class=\"elementor-spacer\">\n\t\t\t<div class=\"elementor-spacer-inner\"><\/div>\n\t\t<\/div>\n\t\t\t\t\t\t<\/div>\n\t\t\t\t<\/div>\n\t\t\t\t\t<\/div>\n\t\t\t\t<\/div>\n\t\t<div class=\"elementor-element elementor-element-fbdeb64 e-flex e-con-boxed e-con e-parent\" data-id=\"fbdeb64\" data-element_type=\"container\" data-e-type=\"container\">\n\t\t\t\t\t<div class=\"e-con-inner\">\n\t\t\t\t<div class=\"elementor-element elementor-element-4e290cd elementor-widget thim-ekits-heading elementor-widget-thim-heading\" data-id=\"4e290cd\" data-element_type=\"widget\" data-e-type=\"widget\" data-widget_type=\"thim-heading.default\">\n\t\t\t\t<div class=\"elementor-widget-container\">\n\t\t\t\t\t<div class=\"sc_heading\"><h3 class=\"title\">Partenaires acad\u00e9miques  et \u00e9ducatifs <\/h3><\/div>\t\t\t\t<\/div>\n\t\t\t\t<\/div>\n\t\t\t\t<div class=\"elementor-element elementor-element-741b69f elementor-position-left elementor-vertical-align-middle elementor-widget__width-initial elementor-position-top elementor-widget-mobile__width-inherit elementor-widget elementor-widget-image-box\" data-id=\"741b69f\" data-element_type=\"widget\" data-e-type=\"widget\" data-widget_type=\"image-box.default\">\n\t\t\t\t<div class=\"elementor-widget-container\">\n\t\t\t\t\t<div class=\"elementor-image-box-wrapper\"><figure class=\"elementor-image-box-img\"><a href=\"http:\/\/www.poledenamur.be\/\" target=\"_blank\" tabindex=\"-1\"><img fetchpriority=\"high\" decoding=\"async\" width=\"662\" height=\"221\" src=\"https:\/\/esa-namur.be\/wp-content\/uploads\/2025\/04\/logo-pan-2.png\" class=\"attachment-full size-full wp-image-13191\" alt=\"\" srcset=\"https:\/\/esa-namur.be\/wp-content\/uploads\/2025\/04\/logo-pan-2.png 662w, https:\/\/esa-namur.be\/wp-content\/uploads\/2025\/04\/logo-pan-2-300x100.png 300w, https:\/\/esa-namur.be\/wp-content\/uploads\/2025\/04\/logo-pan-2-600x200.png 600w\" sizes=\"(max-width: 662px) 100vw, 662px\" \/><\/a><\/figure><div class=\"elementor-image-box-content\"><h6 class=\"elementor-image-box-title\"><a href=\"http:\/\/www.poledenamur.be\/\" target=\"_blank\">P\u00f4le Acad\u00e9mique de Namur <\/a><\/h6><\/div><\/div>\t\t\t\t<\/div>\n\t\t\t\t<\/div>\n\t\t\t\t<div class=\"elementor-element elementor-element-cef4275 elementor-position-left elementor-vertical-align-middle elementor-widget__width-initial elementor-position-top elementor-widget-mobile__width-inherit elementor-widget elementor-widget-image-box\" data-id=\"cef4275\" data-element_type=\"widget\" data-e-type=\"widget\" data-widget_type=\"image-box.default\">\n\t\t\t\t<div class=\"elementor-widget-container\">\n\t\t\t\t\t<div class=\"elementor-image-box-wrapper\"><figure class=\"elementor-image-box-img\"><a href=\"https:\/\/www.henallux.be\/\" target=\"_blank\" tabindex=\"-1\"><img decoding=\"async\" width=\"98\" height=\"114\" data-src=\"https:\/\/esa-namur.be\/wp-content\/uploads\/2025\/04\/logo-hennalux.svg\" class=\"attachment-full size-full wp-image-13120 lazyload\" alt=\"\" src=\"data:image\/svg+xml;base64,PHN2ZyB3aWR0aD0iMSIgaGVpZ2h0PSIxIiB4bWxucz0iaHR0cDovL3d3dy53My5vcmcvMjAwMC9zdmciPjwvc3ZnPg==\" style=\"--smush-placeholder-width: 98px; --smush-placeholder-aspect-ratio: 98\/114;\" \/><\/a><\/figure><div class=\"elementor-image-box-content\"><h6 class=\"elementor-image-box-title\"><a href=\"https:\/\/www.henallux.be\/\" target=\"_blank\">Henallux <\/a><\/h6><p class=\"elementor-image-box-description\">Depuis plusieurs ann\u00e9es, l\u2019ESA co-organise plusieurs bacheliers, en cours du soir et du jour, avec Henallux. Des domaines en lien avec l'actualit\u00e9, qui m\u00e9ritent la meilleure des formations :<br \/><br \/>\n\u25aa <strong>Bachelier en Intelligence Artificielle<\/strong><br \/>\n\u25aa <strong>Bachelier de sp\u00e9cialisation en Business Data Analysis (en 1 an !)<\/strong><br \/>\n\u25aa <strong>Bachelier en International Business<\/strong><\/p><\/div><\/div>\t\t\t\t<\/div>\n\t\t\t\t<\/div>\n\t\t\t\t<div class=\"elementor-element elementor-element-765b0ac elementor-position-left elementor-vertical-align-middle elementor-widget__width-initial elementor-position-top elementor-widget-mobile__width-inherit elementor-widget elementor-widget-image-box\" data-id=\"765b0ac\" data-element_type=\"widget\" data-e-type=\"widget\" data-widget_type=\"image-box.default\">\n\t\t\t\t<div class=\"elementor-widget-container\">\n\t\t\t\t\t<div class=\"elementor-image-box-wrapper\"><figure class=\"elementor-image-box-img\"><a href=\"https:\/\/www.hec.uliege.be\/cms\/c_7098604\/fr\/hec\" target=\"_blank\" tabindex=\"-1\"><img decoding=\"async\" width=\"182\" height=\"48\" data-src=\"https:\/\/esa-namur.be\/wp-content\/uploads\/2025\/04\/logo-uliege-hec.svg\" class=\"attachment-full size-full wp-image-13127 lazyload\" alt=\"\" src=\"data:image\/svg+xml;base64,PHN2ZyB3aWR0aD0iMSIgaGVpZ2h0PSIxIiB4bWxucz0iaHR0cDovL3d3dy53My5vcmcvMjAwMC9zdmciPjwvc3ZnPg==\" style=\"--smush-placeholder-width: 182px; --smush-placeholder-aspect-ratio: 182\/48;\" \/><\/a><\/figure><div class=\"elementor-image-box-content\"><h6 class=\"elementor-image-box-title\"><a href=\"https:\/\/www.hec.uliege.be\/cms\/c_7098604\/fr\/hec\" target=\"_blank\">HEC LI\u00e8ge <\/a><\/h6><p class=\"elementor-image-box-description\"><strong>Le premier Master en Belgique visant \u00e0 former les nouveaux talents de la fonction commerciale<\/strong><br \/><br \/>\n\n\u25aa Un Master Thesis (TFE) permettant d\u2019allier r\u00e9flexion acad\u00e9mique et expertise professionnelle.<br \/>\n\u25aa Co-organisation entre HEC Li\u00e8ge et quatre Hautes \u00c9coles en F\u00e9d\u00e9ration Wallonie-Bruxelles (HELMo, H\u00e9nallux, HEPL, ESA)<\/p><\/div><\/div>\t\t\t\t<\/div>\n\t\t\t\t<\/div>\n\t\t\t\t<div class=\"elementor-element elementor-element-06ef710 elementor-position-left elementor-vertical-align-middle elementor-widget__width-initial elementor-position-top elementor-widget-mobile__width-inherit elementor-widget elementor-widget-image-box\" data-id=\"06ef710\" data-element_type=\"widget\" data-e-type=\"widget\" data-widget_type=\"image-box.default\">\n\t\t\t\t<div class=\"elementor-widget-container\">\n\t\t\t\t\t<div class=\"elementor-image-box-wrapper\"><figure class=\"elementor-image-box-img\"><a href=\"https:\/\/www.ipfs.be\/\" target=\"_blank\" tabindex=\"-1\"><img decoding=\"async\" data-src=\"http:\/\/93.127.158.16\/wp-content\/uploads\/2025\/04\/logo-ipfs.png\" title=\"\" alt=\"\" src=\"data:image\/svg+xml;base64,PHN2ZyB3aWR0aD0iMSIgaGVpZ2h0PSIxIiB4bWxucz0iaHR0cDovL3d3dy53My5vcmcvMjAwMC9zdmciPjwvc3ZnPg==\" class=\"lazyload\" \/><\/a><\/figure><div class=\"elementor-image-box-content\"><h6 class=\"elementor-image-box-title\"><a href=\"https:\/\/www.ipfs.be\/\" target=\"_blank\">IPFS<\/a><\/h6><p class=\"elementor-image-box-description\">Depuis plusieurs ann\u00e9es, l\u2019ESA et l\u2019IPFS unissent leurs forces pour le bachelier en gestion publique et sciences administratives. <\/p><\/div><\/div>\t\t\t\t<\/div>\n\t\t\t\t<\/div>\n\t\t\t\t<div class=\"elementor-element elementor-element-f1a2811 elementor-position-left elementor-vertical-align-middle elementor-widget__width-initial elementor-position-top elementor-widget-mobile__width-inherit elementor-widget elementor-widget-image-box\" data-id=\"f1a2811\" data-element_type=\"widget\" data-e-type=\"widget\" data-widget_type=\"image-box.default\">\n\t\t\t\t<div class=\"elementor-widget-container\">\n\t\t\t\t\t<div class=\"elementor-image-box-wrapper\"><figure class=\"elementor-image-box-img\"><a href=\"https:\/\/ilfop.be\/\" target=\"_blank\" tabindex=\"-1\"><img decoding=\"async\" width=\"225\" height=\"225\" data-src=\"https:\/\/esa-namur.be\/wp-content\/uploads\/2025\/04\/logo-ilfop.png\" class=\"attachment-full size-full wp-image-13121 lazyload\" alt=\"\" data-srcset=\"https:\/\/esa-namur.be\/wp-content\/uploads\/2025\/04\/logo-ilfop.png 225w, https:\/\/esa-namur.be\/wp-content\/uploads\/2025\/04\/logo-ilfop-150x150.png 150w, https:\/\/esa-namur.be\/wp-content\/uploads\/2025\/04\/logo-ilfop-100x100.png 100w\" data-sizes=\"(max-width: 225px) 100vw, 225px\" src=\"data:image\/svg+xml;base64,PHN2ZyB3aWR0aD0iMSIgaGVpZ2h0PSIxIiB4bWxucz0iaHR0cDovL3d3dy53My5vcmcvMjAwMC9zdmciPjwvc3ZnPg==\" style=\"--smush-placeholder-width: 225px; --smush-placeholder-aspect-ratio: 225\/225;\" \/><\/a><\/figure><div class=\"elementor-image-box-content\"><h6 class=\"elementor-image-box-title\"><a href=\"https:\/\/ilfop.be\/\" target=\"_blank\">ILFoP <\/a><\/h6><p class=\"elementor-image-box-description\">L'ILFoP est une \u00e9cole d\u2019enseignement pour adultes dans la r\u00e9gion namuroise, avec laquelle nous partageons les valeurs de bien-\u00eatre de nos \u00e9tudiants et de suivi personnalis\u00e9. Nous co-organisons le bachelier en gestion du tourisme, un programme dynamique qui forme les nouveaux experts du secteur touristique, tant au niveau national qu'international.<\/p><\/div><\/div>\t\t\t\t<\/div>\n\t\t\t\t<\/div>\n\t\t\t\t\t<\/div>\n\t\t\t\t<\/div>\n\t\t<div class=\"elementor-element elementor-element-aa53561 e-flex e-con-boxed e-con e-parent\" data-id=\"aa53561\" data-element_type=\"container\" data-e-type=\"container\">\n\t\t\t\t\t<div class=\"e-con-inner\">\n\t\t\t\t<div class=\"elementor-element elementor-element-7674a6e elementor-widget elementor-widget-spacer\" data-id=\"7674a6e\" data-element_type=\"widget\" data-e-type=\"widget\" data-widget_type=\"spacer.default\">\n\t\t\t\t<div class=\"elementor-widget-container\">\n\t\t\t\t\t\t\t<div class=\"elementor-spacer\">\n\t\t\t<div class=\"elementor-spacer-inner\"><\/div>\n\t\t<\/div>\n\t\t\t\t\t\t<\/div>\n\t\t\t\t<\/div>\n\t\t\t\t\t<\/div>\n\t\t\t\t<\/div>\n\t\t<div class=\"elementor-element elementor-element-5e9e23d e-flex e-con-boxed e-con e-parent\" data-id=\"5e9e23d\" data-element_type=\"container\" data-e-type=\"container\">\n\t\t\t\t\t<div class=\"e-con-inner\">\n\t\t\t\t<div class=\"elementor-element elementor-element-803e60d elementor-widget thim-ekits-heading elementor-widget-thim-heading\" data-id=\"803e60d\" data-element_type=\"widget\" data-e-type=\"widget\" data-widget_type=\"thim-heading.default\">\n\t\t\t\t<div class=\"elementor-widget-container\">\n\t\t\t\t\t<div class=\"sc_heading\"><h3 class=\"title\">Partenaires \u00e9conomiques et professionnels <\/h3><\/div>\t\t\t\t<\/div>\n\t\t\t\t<\/div>\n\t\t\t\t<div class=\"elementor-element elementor-element-306ab3c elementor-position-left elementor-vertical-align-middle elementor-widget__width-initial elementor-position-top elementor-widget-mobile__width-inherit elementor-widget elementor-widget-image-box\" data-id=\"306ab3c\" data-element_type=\"widget\" data-e-type=\"widget\" data-widget_type=\"image-box.default\">\n\t\t\t\t<div class=\"elementor-widget-container\">\n\t\t\t\t\t<div class=\"elementor-image-box-wrapper\"><figure class=\"elementor-image-box-img\"><a href=\"https:\/\/apefasbl.org\/\" target=\"_blank\" tabindex=\"-1\"><img decoding=\"async\" width=\"221\" height=\"50\" data-src=\"https:\/\/esa-namur.be\/wp-content\/uploads\/2025\/04\/logo-ipfs.svg\" class=\"attachment-full size-full wp-image-13131 lazyload\" alt=\"\" src=\"data:image\/svg+xml;base64,PHN2ZyB3aWR0aD0iMSIgaGVpZ2h0PSIxIiB4bWxucz0iaHR0cDovL3d3dy53My5vcmcvMjAwMC9zdmciPjwvc3ZnPg==\" style=\"--smush-placeholder-width: 221px; --smush-placeholder-aspect-ratio: 221\/50;\" \/><\/a><\/figure><div class=\"elementor-image-box-content\"><h6 class=\"elementor-image-box-title\"><a href=\"https:\/\/apefasbl.org\/\" target=\"_blank\">APEF-FEBI<\/a><\/h6><\/div><\/div>\t\t\t\t<\/div>\n\t\t\t\t<\/div>\n\t\t\t\t<div class=\"elementor-element elementor-element-0e8b40a elementor-position-left elementor-vertical-align-middle elementor-widget__width-initial elementor-position-top elementor-widget-mobile__width-inherit elementor-widget elementor-widget-image-box\" data-id=\"0e8b40a\" data-element_type=\"widget\" data-e-type=\"widget\" data-widget_type=\"image-box.default\">\n\t\t\t\t<div class=\"elementor-widget-container\">\n\t\t\t\t\t<div class=\"elementor-image-box-wrapper\"><figure class=\"elementor-image-box-img\"><a href=\"https:\/\/www.felsi.eu\/\" target=\"_blank\" tabindex=\"-1\"><img loading=\"lazy\" decoding=\"async\" width=\"78\" height=\"63\" src=\"https:\/\/esa-namur.be\/wp-content\/uploads\/2025\/04\/logo-felsi.avif\" class=\"attachment-full size-full wp-image-13117\" alt=\"\" \/><\/a><\/figure><div class=\"elementor-image-box-content\"><h6 class=\"elementor-image-box-title\"><a href=\"https:\/\/www.felsi.eu\/\" target=\"_blank\">FELSI<\/a><\/h6><\/div><\/div>\t\t\t\t<\/div>\n\t\t\t\t<\/div>\n\t\t\t\t\t<\/div>\n\t\t\t\t<\/div>\n\t\t<div class=\"elementor-element elementor-element-0b13aae e-flex e-con-boxed e-con e-parent\" data-id=\"0b13aae\" data-element_type=\"container\" data-e-type=\"container\">\n\t\t\t\t\t<div class=\"e-con-inner\">\n\t\t\t\t<div class=\"elementor-element elementor-element-570d552 elementor-widget elementor-widget-spacer\" data-id=\"570d552\" data-element_type=\"widget\" data-e-type=\"widget\" data-widget_type=\"spacer.default\">\n\t\t\t\t<div class=\"elementor-widget-container\">\n\t\t\t\t\t\t\t<div class=\"elementor-spacer\">\n\t\t\t<div class=\"elementor-spacer-inner\"><\/div>\n\t\t<\/div>\n\t\t\t\t\t\t<\/div>\n\t\t\t\t<\/div>\n\t\t\t\t\t<\/div>\n\t\t\t\t<\/div>\n\t\t<div class=\"elementor-element elementor-element-84f91f6 e-flex e-con-boxed e-con e-parent\" data-id=\"84f91f6\" data-element_type=\"container\" data-e-type=\"container\">\n\t\t\t\t\t<div class=\"e-con-inner\">\n\t\t\t\t<div class=\"elementor-element elementor-element-b23be6d elementor-widget thim-ekits-heading elementor-widget-thim-heading\" data-id=\"b23be6d\" data-element_type=\"widget\" data-e-type=\"widget\" data-widget_type=\"thim-heading.default\">\n\t\t\t\t<div class=\"elementor-widget-container\">\n\t\t\t\t\t<div class=\"sc_heading\"><h3 class=\"title\">Partenaire technologique et num\u00e9rique <\/h3><\/div>\t\t\t\t<\/div>\n\t\t\t\t<\/div>\n\t\t\t\t<div class=\"elementor-element elementor-element-fd7fd5d elementor-position-left elementor-vertical-align-middle elementor-widget__width-initial elementor-position-top elementor-widget-mobile__width-inherit elementor-widget elementor-widget-image-box\" data-id=\"fd7fd5d\" data-element_type=\"widget\" data-e-type=\"widget\" data-widget_type=\"image-box.default\">\n\t\t\t\t<div class=\"elementor-widget-container\">\n\t\t\t\t\t<div class=\"elementor-image-box-wrapper\"><figure class=\"elementor-image-box-img\"><a href=\"https:\/\/pix.org\/fr-be\/\" target=\"_blank\" tabindex=\"-1\"><img decoding=\"async\" width=\"146\" height=\"109\" data-src=\"https:\/\/esa-namur.be\/wp-content\/uploads\/2025\/04\/logo-pix.svg\" class=\"attachment-full size-full wp-image-13126 lazyload\" alt=\"\" src=\"data:image\/svg+xml;base64,PHN2ZyB3aWR0aD0iMSIgaGVpZ2h0PSIxIiB4bWxucz0iaHR0cDovL3d3dy53My5vcmcvMjAwMC9zdmciPjwvc3ZnPg==\" style=\"--smush-placeholder-width: 146px; --smush-placeholder-aspect-ratio: 146\/109;\" \/><\/a><\/figure><div class=\"elementor-image-box-content\"><h6 class=\"elementor-image-box-title\"><a href=\"https:\/\/pix.org\/fr-be\/\" target=\"_blank\">PIX<\/a><\/h6><\/div><\/div>\t\t\t\t<\/div>\n\t\t\t\t<\/div>\n\t\t\t\t\t<\/div>\n\t\t\t\t<\/div>\n\t\t<div class=\"elementor-element elementor-element-12a6e6b e-flex e-con-boxed e-con e-parent\" data-id=\"12a6e6b\" data-element_type=\"container\" data-e-type=\"container\">\n\t\t\t\t\t<div class=\"e-con-inner\">\n\t\t\t\t<div class=\"elementor-element elementor-element-c83e22d elementor-widget elementor-widget-spacer\" data-id=\"c83e22d\" data-element_type=\"widget\" data-e-type=\"widget\" data-widget_type=\"spacer.default\">\n\t\t\t\t<div class=\"elementor-widget-container\">\n\t\t\t\t\t\t\t<div class=\"elementor-spacer\">\n\t\t\t<div class=\"elementor-spacer-inner\"><\/div>\n\t\t<\/div>\n\t\t\t\t\t\t<\/div>\n\t\t\t\t<\/div>\n\t\t\t\t\t<\/div>\n\t\t\t\t<\/div>\n\t\t<div class=\"elementor-element elementor-element-7441730 e-flex e-con-boxed e-con e-parent\" data-id=\"7441730\" data-element_type=\"container\" data-e-type=\"container\">\n\t\t\t\t\t<div class=\"e-con-inner\">\n\t\t\t\t<div class=\"elementor-element elementor-element-27b2fec elementor-widget thim-ekits-heading elementor-widget-thim-heading\" data-id=\"27b2fec\" data-element_type=\"widget\" data-e-type=\"widget\" data-widget_type=\"thim-heading.default\">\n\t\t\t\t<div class=\"elementor-widget-container\">\n\t\t\t\t\t<div class=\"sc_heading\"><h3 class=\"title\">Partenaire financier <\/h3><\/div>\t\t\t\t<\/div>\n\t\t\t\t<\/div>\n\t\t\t\t<div class=\"elementor-element elementor-element-3a112e9 elementor-position-left elementor-vertical-align-middle elementor-widget__width-initial elementor-position-top elementor-widget-mobile__width-inherit elementor-widget elementor-widget-image-box\" data-id=\"3a112e9\" data-element_type=\"widget\" data-e-type=\"widget\" data-widget_type=\"image-box.default\">\n\t\t\t\t<div class=\"elementor-widget-container\">\n\t\t\t\t\t<div class=\"elementor-image-box-wrapper\"><figure class=\"elementor-image-box-img\"><a href=\"https:\/\/www.cbc-compta.be\/\" target=\"_blank\" tabindex=\"-1\"><img decoding=\"async\" width=\"142\" height=\"146\" data-src=\"https:\/\/esa-namur.be\/wp-content\/uploads\/2025\/04\/logo-CBC-NamLux.png\" class=\"attachment-full size-full wp-image-13116 lazyload\" alt=\"\" src=\"data:image\/svg+xml;base64,PHN2ZyB3aWR0aD0iMSIgaGVpZ2h0PSIxIiB4bWxucz0iaHR0cDovL3d3dy53My5vcmcvMjAwMC9zdmciPjwvc3ZnPg==\" style=\"--smush-placeholder-width: 142px; --smush-placeholder-aspect-ratio: 142\/146;\" \/><\/a><\/figure><div class=\"elementor-image-box-content\"><h6 class=\"elementor-image-box-title\"><a href=\"https:\/\/www.cbc-compta.be\/\" target=\"_blank\">CBC Namur-Luxembourg <\/a><\/h6><\/div><\/div>\t\t\t\t<\/div>\n\t\t\t\t<\/div>\n\t\t\t\t\t<\/div>\n\t\t\t\t<\/div>\n\t\t<div class=\"elementor-element elementor-element-c377bb5 e-flex e-con-boxed e-con e-parent\" data-id=\"c377bb5\" data-element_type=\"container\" data-e-type=\"container\">\n\t\t\t\t\t<div class=\"e-con-inner\">\n\t\t\t\t<div class=\"elementor-element elementor-element-7c7b456 elementor-widget elementor-widget-spacer\" data-id=\"7c7b456\" data-element_type=\"widget\" data-e-type=\"widget\" data-widget_type=\"spacer.default\">\n\t\t\t\t<div class=\"elementor-widget-container\">\n\t\t\t\t\t\t\t<div class=\"elementor-spacer\">\n\t\t\t<div class=\"elementor-spacer-inner\"><\/div>\n\t\t<\/div>\n\t\t\t\t\t\t<\/div>\n\t\t\t\t<\/div>\n\t\t\t\t\t<\/div>\n\t\t\t\t<\/div>\n\t\t<div class=\"elementor-element elementor-element-a0283e3 e-flex e-con-boxed e-con e-parent\" data-id=\"a0283e3\" data-element_type=\"container\" data-e-type=\"container\">\n\t\t\t\t\t<div class=\"e-con-inner\">\n\t\t<div class=\"elementor-element elementor-element-b2c21e6 e-con-full e-flex e-con e-child\" data-id=\"b2c21e6\" data-element_type=\"container\" data-e-type=\"container\">\n\t\t\t\t<div class=\"elementor-element elementor-element-8fd0bb1 elementor-widget thim-ekits-heading elementor-widget-thim-heading\" data-id=\"8fd0bb1\" data-element_type=\"widget\" data-e-type=\"widget\" data-widget_type=\"thim-heading.default\">\n\t\t\t\t<div class=\"elementor-widget-container\">\n\t\t\t\t\t<div class=\"sc_heading\"><h2 class=\"title\">Nos Partenaires Priv\u00e9s <\/h2><div class=\"sub-heading\"><p>Nous avons la chance d\u2019\u00eatre partenaires de nombreux \u00e9v\u00e9nements locaux namurois, pour lesquels nos \u00e9tudiants en relations publiques peuvent collaborer dans le cadre de leur cursus.<\/p>\n<p>Nous travaillons \u00e9troitement avec de nombreux acteurs publics et priv\u00e9s, locaux et r\u00e9gionaux.<\/p>\n<\/div><\/div>\t\t\t\t<\/div>\n\t\t\t\t<\/div>\n\t\t\t\t<\/div>\n\t\t\t\t\t<\/div>\n\t\t\t\t<\/div>\n\t\t\t\t<\/div>\n\t\t","protected":false},"excerpt":{"rendered":"<p>Nos Partenaires Depuis toujours, notre \u00e9cole collabore avec des partenaires acad\u00e9miques et particuliers pour offrir \u00e0 nos \u00e9tudiants le meilleur de chaque monde. Partenaires institutionnels et gouvernementaux F\u00e9d\u00e9ration wallonie-Bruxelles Le Forem Partenaires acad\u00e9miques et \u00e9ducatifs P\u00f4le Acad\u00e9mique de Namur Henallux &hellip; <\/p>\n","protected":false},"author":1,"featured_media":0,"parent":0,"menu_order":0,"comment_status":"closed","ping_status":"closed","template":"","meta":{"rs_blank_template":"","rs_page_bg_color":"","slide_template_v7":"","footnotes":""},"class_list":["post-13016","page","type-page","status-publish","hentry"],"_links":{"self":[{"href":"https:\/\/esa-namur.be\/index.php\/wp-json\/wp\/v2\/pages\/13016","targetHints":{"allow":["GET"]}}],"collection":[{"href":"https:\/\/esa-namur.be\/index.php\/wp-json\/wp\/v2\/pages"}],"about":[{"href":"https:\/\/esa-namur.be\/index.php\/wp-json\/wp\/v2\/types\/page"}],"author":[{"embeddable":true,"href":"https:\/\/esa-namur.be\/index.php\/wp-json\/wp\/v2\/users\/1"}],"replies":[{"embeddable":true,"href":"https:\/\/esa-namur.be\/index.php\/wp-json\/wp\/v2\/comments?post=13016"}],"version-history":[{"count":46,"href":"https:\/\/esa-namur.be\/index.php\/wp-json\/wp\/v2\/pages\/13016\/revisions"}],"predecessor-version":[{"id":15550,"href":"https:\/\/esa-namur.be\/index.php\/wp-json\/wp\/v2\/pages\/13016\/revisions\/15550"}],"wp:attachment":[{"href":"https:\/\/esa-namur.be\/index.php\/wp-json\/wp\/v2\/media?parent=13016"}],"curies":[{"name":"wp","href":"https:\/\/api.w.org\/{rel}","templated":true}]}}